{"id":675,"date":"2023-06-07T09:24:33","date_gmt":"2023-06-07T09:24:33","guid":{"rendered":"https:\/\/kukuracook.com\/?page_id=675"},"modified":"2023-06-07T09:25:31","modified_gmt":"2023-06-07T09:25:31","slug":"pasteleria-copia","status":"publish","type":"page","link":"https:\/\/kukuracook.com\/index.php\/pasteleria-copia\/","title":{"rendered":"Como hago mi pedido"},"content":{"rendered":"<p>[et_pb_section fb_built=\u00bb1&#8243; custom_padding_last_edited=\u00bbon|tablet\u00bb next_background_color=\u00bb#ffffff\u00bb admin_label=\u00bbHeader\u00bb _builder_version=\u00bb4.4.2&#8243; background_color=\u00bb#fcfaf7&#8243; background_enable_image=\u00bboff\u00bb background_size=\u00bbinitial\u00bb background_position=\u00bbtop_center\u00bb custom_padding=\u00bb||0vw|||\u00bb custom_padding_tablet=\u00bb||0vw|\u00bb custom_padding_phone=\u00bb\u00bb bottom_divider_style=\u00bbwave\u00bb bottom_divider_height=\u00bb80%\u00bb bottom_divider_repeat=\u00bb0.6x\u00bb bottom_divider_flip=\u00bbvertical|horizontal\u00bb][et_pb_row column_structure=\u00bb3_5,2_5&#8243; _builder_version=\u00bb4.4.2&#8243; custom_margin=\u00bb100px||\u00bb custom_margin_tablet=\u00bb||\u00bb custom_margin_phone=\u00bb0px|||\u00bb custom_margin_last_edited=\u00bbon|tablet\u00bb custom_padding=\u00bb14px|||||\u00bb][et_pb_column type=\u00bb3_5&#8243; _builder_version=\u00bb3.25&#8243; custom_padding=\u00bb|||\u00bb custom_padding__hover=\u00bb|||\u00bb][et_pb_text _builder_version=\u00bb3.27.4&#8243; header_font=\u00bbCormorant Garamond|700|||||||\u00bb header_text_color=\u00bb#002855&#8243; header_font_size=\u00bb70px\u00bb header_letter_spacing=\u00bb1px\u00bb header_line_height=\u00bb1.2em\u00bb header_font_size_tablet=\u00bb40px\u00bb header_font_size_phone=\u00bb34px\u00bb header_font_size_last_edited=\u00bbon|desktop\u00bb header_letter_spacing_tablet=\u00bb0px\u00bb header_letter_spacing_phone=\u00bb0px\u00bb header_letter_spacing_last_edited=\u00bbon|tablet\u00bb]<\/p>\n<h1><span color=\"#442854\" style=\"color: #442854;\"><span style=\"caret-color: #442854;\">\u00bfC\u00f3mo hago mi pedido?<\/span><\/span><\/h1>\n<p>[\/et_pb_text][et_pb_text _builder_version=\u00bb4.4.2&#8243; text_font=\u00bbOpen Sans||||||||\u00bb text_font_size=\u00bb17px\u00bb text_letter_spacing=\u00bb0.5px\u00bb text_line_height=\u00bb2em\u00bb transform_scale_tablet=\u00bb\u00bb transform_scale_phone=\u00bb\u00bb transform_scale_last_edited=\u00bbon|desktop\u00bb transform_translate_tablet=\u00bb\u00bb transform_translate_phone=\u00bb\u00bb transform_translate_last_edited=\u00bbon|desktop\u00bb transform_rotate_tablet=\u00bb\u00bb transform_rotate_phone=\u00bb\u00bb transform_rotate_last_edited=\u00bbon|desktop\u00bb transform_skew_tablet=\u00bb\u00bb transform_skew_phone=\u00bb\u00bb transform_skew_last_edited=\u00bbon|desktop\u00bb transform_origin_tablet=\u00bb\u00bb transform_origin_phone=\u00bb\u00bb transform_origin_last_edited=\u00bbon|desktop\u00bb transform_styles_last_edited=\u00bbon|desktop\u00bb hover_enabled=\u00bb0&#8243; text_font_size_tablet=\u00bb16px\u00bb text_font_size_phone=\u00bb14px\u00bb text_font_size_last_edited=\u00bbon|phone\u00bb text_letter_spacing_tablet=\u00bb\u00bb text_letter_spacing_phone=\u00bb0px\u00bb text_letter_spacing_last_edited=\u00bbon|tablet\u00bb transform_styles_tablet=\u00bb\u00bb transform_styles_phone=\u00bb\u00bb]<\/p>\n<p><span>\u00a1Es muy f\u00e1cil! Primero echa un vistazo a todo lo que tenemos y escoge tu favorito. Para encargarlo, solo tienes que <\/span><span>ped\u00edrmelo<\/span><span> mediante el bot\u00f3n de <\/span><span class=\"hiddenGrammarError\">Whats App<\/span><span> que <\/span><span>encontrar\u00e1s<\/span><span> abajo a la derecha en esta web. Una vez <\/span><span class=\"hiddenSpellError\">clickes<\/span><span> en el bot\u00f3n, se te <\/span><span>abrir\u00e1<\/span><span> la ventana de <\/span><span class=\"hiddenGrammarError\">Whats App<\/span><span> y podr\u00e1s hablar directamente conmigo para contarme que es lo que quieres y definir el d\u00eda y horario de recogida. <\/span><\/p>\n<p>[\/et_pb_text][\/et_pb_column][et_pb_column type=\u00bb2_5&#8243; _builder_version=\u00bb3.25&#8243; custom_padding=\u00bb|||\u00bb custom_padding__hover=\u00bb|||\u00bb][et_pb_image src=\u00bbhttp:\/\/kukuracook.com\/wp-content\/uploads\/2023\/06\/8367505-removebg-preview.png\u00bb align=\u00bbright\u00bb _builder_version=\u00bb4.4.2&#8243; transform_scale=\u00bb120%|120%\u00bb transform_scale_tablet=\u00bb100%|100%\u00bb transform_scale_phone=\u00bb\u00bb transform_scale_last_edited=\u00bbon|tablet\u00bb transform_translate_tablet=\u00bb\u00bb transform_translate_phone=\u00bb\u00bb transform_translate_last_edited=\u00bbon|desktop\u00bb transform_rotate_tablet=\u00bb\u00bb transform_rotate_phone=\u00bb\u00bb transform_rotate_last_edited=\u00bbon|desktop\u00bb transform_skew_tablet=\u00bb\u00bb transform_skew_phone=\u00bb\u00bb transform_skew_last_edited=\u00bbon|desktop\u00bb transform_origin_tablet=\u00bb\u00bb transform_origin_phone=\u00bb\u00bb transform_origin_last_edited=\u00bbon|desktop\u00bb transform_styles_last_edited=\u00bbon|tablet\u00bb width_tablet=\u00bb60%\u00bb width_phone=\u00bb\u00bb width_last_edited=\u00bbon|phone\u00bb custom_margin=\u00bb|||\u00bb custom_padding=\u00bb72px|||||\u00bb hover_enabled=\u00bb0&#8243; transform_styles_tablet=\u00bb\u00bb transform_styles_phone=\u00bb\u00bb always_center_on_mobile=\u00bboff\u00bb][\/et_pb_image][\/et_pb_column][\/et_pb_row][et_pb_row column_structure=\u00bb1_2,1_2&#8243; _builder_version=\u00bb4.4.2&#8243;][et_pb_column type=\u00bb1_2&#8243; _builder_version=\u00bb4.4.2&#8243;][et_pb_button button_url=\u00bb@ET-DC@eyJkeW5hbWljIjp0cnVlLCJjb250ZW50IjoicG9zdF9saW5rX3VybF9wYWdlIiwic2V0dGluZ3MiOnsicG9zdF9pZCI6IjI5OSJ9fQ==@\u00bb button_text=\u00bbCotillea nuestros productos\u00bb button_alignment=\u00bbleft\u00bb button_alignment_tablet=\u00bb\u00bb button_alignment_phone=\u00bbcenter\u00bb button_alignment_last_edited=\u00bbon|phone\u00bb _builder_version=\u00bb4.4.2&#8243; _dynamic_attributes=\u00bbbutton_url\u00bb custom_button=\u00bbon\u00bb button_text_color=\u00bb#ffffff\u00bb button_bg_use_color_gradient=\u00bbon\u00bb button_bg_color_gradient_start=\u00bb#b67bd8&#8243; button_bg_color_gradient_end=\u00bb#68a0cc\u00bb button_bg_color_gradient_direction=\u00bb-60deg\u00bb button_border_width=\u00bb0px\u00bb button_border_radius=\u00bb6px\u00bb button_font=\u00bbCormorant Garamond|700|||||||\u00bb custom_margin=\u00bb|||0px|false|false\u00bb custom_padding=\u00bb10px|40px|10px|40px|true|true\u00bb hover_enabled=\u00bb0&#8243; box_shadow_style=\u00bbpreset3&#8243; box_shadow_color=\u00bb#d6d6d6&#8243; locked=\u00bboff\u00bb][\/et_pb_button][\/et_pb_column][et_pb_column type=\u00bb1_2&#8243; _builder_version=\u00bb4.4.2&#8243;][\/et_pb_column][\/et_pb_row][\/et_pb_section][et_pb_section fb_built=\u00bb1&#8243; admin_label=\u00bbProducts\u00bb _builder_version=\u00bb4.4.2&#8243; background_color=\u00bb#ffffff\u00bb background_image=\u00bbhttp:\/\/kukuracook.com\/wp-content\/uploads\/2023\/02\/farm-18.png\u00bb background_size=\u00bbinitial\u00bb background_position=\u00bbtop_center\u00bb bottom_divider_height=\u00bb70%\u00bb bottom_divider_repeat=\u00bb0.7x\u00bb hover_enabled=\u00bb0&#8243; custom_padding=\u00bb9px|||||\u00bb][et_pb_row column_structure=\u00bb1_4,1_4,1_4,1_4&#8243; use_custom_gutter=\u00bbon\u00bb gutter_width=\u00bb2&#8243; make_equal=\u00bbon\u00bb custom_padding_last_edited=\u00bbon|tablet\u00bb _builder_version=\u00bb4.4.2&#8243; custom_padding_tablet=\u00bb||0px||false|false\u00bb custom_padding_phone=\u00bb||0px||false|false\u00bb locked=\u00bboff\u00bb][et_pb_column type=\u00bb1_4&#8243; _builder_version=\u00bb4.20.0&#8243; background_color=\u00bb#FFFFFF\u00bb custom_padding=\u00bb40px|20px|40px|20px|true|true\u00bb custom_padding_tablet=\u00bb30px|30px|30px|30px|true|true\u00bb custom_padding_phone=\u00bb20px|20px|20px|20px|true|true\u00bb custom_padding_last_edited=\u00bbon|desktop\u00bb custom_padding__hover=\u00bb30px||50px||false|true\u00bb custom_padding__hover_enabled=\u00bbon|desktop\u00bb][et_pb_blurb title=\u00bbCotillea toda la web y escoge tu postre o servicio favorito\u00bb image=\u00bbhttp:\/\/kukuracook.com\/wp-content\/uploads\/2023\/06\/uno.png\u00bb image_max_width=\u00bb37%\u00bb content_max_width=\u00bb100%\u00bb _builder_version=\u00bb4.4.2&#8243; header_font=\u00bbInter|700|||||||\u00bb header_text_color=\u00bb#5e5e4e\u00bb header_font_size=\u00bb17px\u00bb header_line_height=\u00bb1.4em\u00bb body_line_height=\u00bb1.6em\u00bb text_orientation=\u00bbcenter\u00bb animation=\u00bboff\u00bb hover_enabled=\u00bb0&#8243; header_font_size_tablet=\u00bb16px\u00bb header_font_size_phone=\u00bb14px\u00bb header_font_size_last_edited=\u00bbon|desktop\u00bb locked=\u00bboff\u00bb body_text_color__hover=\u00bb#666666&#8243; body_text_color__hover_enabled=\u00bboff|desktop\u00bb][\/et_pb_blurb][\/et_pb_column][et_pb_column type=\u00bb1_4&#8243; _builder_version=\u00bb4.20.0&#8243; background_color=\u00bb#FFFFFF\u00bb custom_padding=\u00bb40px|20px|40px|20px|true|true\u00bb custom_padding_tablet=\u00bb30px|30px|30px|30px|true|true\u00bb custom_padding_phone=\u00bb20px|20px|20px|20px|true|true\u00bb custom_padding_last_edited=\u00bbon|desktop\u00bb custom_padding__hover=\u00bb30px||50px||false|true\u00bb custom_padding__hover_enabled=\u00bbon|desktop\u00bb][et_pb_blurb title=\u00bbHaz click en el bot\u00f3n de Whats App para hablar conmigo\u00bb image=\u00bbhttp:\/\/kukuracook.com\/wp-content\/uploads\/2023\/06\/dos.png\u00bb image_max_width=\u00bb37%\u00bb content_max_width=\u00bb100%\u00bb _builder_version=\u00bb4.4.2&#8243; header_font=\u00bbInter|700|||||||\u00bb header_text_color=\u00bb#5e5e4e\u00bb header_font_size=\u00bb17px\u00bb header_line_height=\u00bb1.4em\u00bb body_line_height=\u00bb1.6em\u00bb text_orientation=\u00bbcenter\u00bb animation=\u00bboff\u00bb hover_enabled=\u00bb0&#8243; header_font_size_tablet=\u00bb16px\u00bb header_font_size_phone=\u00bb14px\u00bb header_font_size_last_edited=\u00bbon|desktop\u00bb locked=\u00bboff\u00bb body_text_color__hover=\u00bb#666666&#8243; body_text_color__hover_enabled=\u00bboff|desktop\u00bb child_filter_hue_rotate=\u00bb92deg\u00bb][\/et_pb_blurb][\/et_pb_column][et_pb_column type=\u00bb1_4&#8243; _builder_version=\u00bb4.20.0&#8243; background_color=\u00bb#FFFFFF\u00bb custom_padding=\u00bb40px|20px|40px|20px|true|true\u00bb custom_padding_tablet=\u00bb30px|30px|30px|30px|true|true\u00bb custom_padding_phone=\u00bb20px|20px|20px|20px|true|true\u00bb custom_padding_last_edited=\u00bbon|desktop\u00bb custom_padding__hover=\u00bb30px||50px||false|true\u00bb custom_padding__hover_enabled=\u00bbon|desktop\u00bb][et_pb_blurb title=\u00bb\u00a1Cu\u00e9ntame que quieres! \u00a0\u00bb image=\u00bbhttp:\/\/kukuracook.com\/wp-content\/uploads\/2023\/06\/tres.png\u00bb image_max_width=\u00bb37%\u00bb content_max_width=\u00bb100%\u00bb _builder_version=\u00bb4.4.2&#8243; header_font=\u00bbInter|700|||||||\u00bb header_text_color=\u00bb#5e5e4e\u00bb header_font_size=\u00bb17px\u00bb header_line_height=\u00bb1.4em\u00bb body_line_height=\u00bb1.6em\u00bb text_orientation=\u00bbcenter\u00bb animation=\u00bboff\u00bb hover_enabled=\u00bb0&#8243; header_font_size_tablet=\u00bb16px\u00bb header_font_size_phone=\u00bb14px\u00bb header_font_size_last_edited=\u00bbon|desktop\u00bb locked=\u00bboff\u00bb body_text_color__hover=\u00bb#666666&#8243; body_text_color__hover_enabled=\u00bboff|desktop\u00bb child_filter_hue_rotate=\u00bb35deg\u00bb][\/et_pb_blurb][\/et_pb_column][et_pb_column type=\u00bb1_4&#8243; _builder_version=\u00bb4.20.0&#8243; background_color=\u00bb#FFFFFF\u00bb custom_padding=\u00bb40px|20px|40px|20px|true|true\u00bb custom_padding_tablet=\u00bb30px|30px|30px|30px|true|true\u00bb custom_padding_phone=\u00bb20px|20px|20px|20px|true|true\u00bb custom_padding_last_edited=\u00bbon|desktop\u00bb custom_padding__hover=\u00bb30px||50px||false|true\u00bb custom_padding__hover_enabled=\u00bbon|desktop\u00bb][et_pb_blurb title=\u00bbDefiniremos d\u00eda y hora de recogida y cerraremos la reserva\u00bb image=\u00bbhttp:\/\/kukuracook.com\/wp-content\/uploads\/2023\/06\/cuatro.png\u00bb image_max_width=\u00bb37%\u00bb content_max_width=\u00bb100%\u00bb _builder_version=\u00bb4.4.2&#8243; header_font=\u00bbInter|700|||||||\u00bb header_text_color=\u00bb#5e5e4e\u00bb header_font_size=\u00bb17px\u00bb header_line_height=\u00bb1.4em\u00bb body_line_height=\u00bb1.6em\u00bb text_orientation=\u00bbcenter\u00bb animation=\u00bboff\u00bb hover_enabled=\u00bb0&#8243; header_font_size_tablet=\u00bb16px\u00bb header_font_size_phone=\u00bb14px\u00bb header_font_size_last_edited=\u00bbon|desktop\u00bb locked=\u00bboff\u00bb body_text_color__hover=\u00bb#666666&#8243; body_text_color__hover_enabled=\u00bboff|desktop\u00bb child_filter_hue_rotate=\u00bb320deg\u00bb][\/et_pb_blurb][\/et_pb_column][\/et_pb_row][\/et_pb_section][et_pb_section fb_built=\u00bb1&#8243; prev_background_color=\u00bb#ffffff\u00bb admin_label=\u00bbServices\u00bb _builder_version=\u00bb4.4.2&#8243; background_color=\u00bbgcid-c0d903dc-93ac-4ecc-8236-73ef6305c15d\u00bb top_divider_style=\u00bbarrow2&#8243; top_divider_height=\u00bb44px\u00bb locked=\u00bboff\u00bb collapsed=\u00bbon\u00bb custom_padding=\u00bb10px|||||\u00bb][et_pb_row _builder_version=\u00bb4.4.2&#8243; column_structure=\u00bb1_2,1_2&#8243;][et_pb_column _builder_version=\u00bb4.4.2&#8243; type=\u00bb1_2&#8243; hover_enabled=\u00bb0&#8243;][et_pb_text _builder_version=\u00bb4.4.2&#8243; text_font=\u00bb||||||||\u00bb text_text_color=\u00bb#87599f\u00bb header_font=\u00bb||||||||\u00bb header_2_font=\u00bbPlayfair Display|700|||||||\u00bb header_2_text_align=\u00bbcenter\u00bb header_2_text_color=\u00bb#2b2b2b\u00bb header_2_font_size=\u00bb42px\u00bb header_2_line_height=\u00bb1.5em\u00bb text_orientation=\u00bbcenter\u00bb module_alignment=\u00bbcenter\u00bb custom_margin=\u00bb||10px|\u00bb hover_enabled=\u00bb0&#8243; locked=\u00bboff\u00bb]<\/p>\n<h2><span style=\"color: #87599f;\">Horario<\/span><\/h2>\n<p>[\/et_pb_text][et_pb_text _builder_version=\u00bb4.4.2&#8243; hover_enabled=\u00bb0&#8243;]<\/p>\n<p>El horario de Kukura var\u00eda seg\u00fan la temporada, los eventos y festividades \ud83d\ude42\u00a0<br \/>Aunque de manera general puedes encargar y recoger tus pedidos siempre de mi\u00e9rcoles a viernes, tambi\u00e9n estoy disponible muchos s\u00e1bados y domingos dependiendo de la temporada.<br \/>As\u00ed que ponte en contacto conmigo y te dir\u00e9 que d\u00edas tengo disponibles para entregarte tu pedido.\u00a0\u00a1Ah! y recuerda que la producci\u00f3n es artesanal por lo que si reservas con m\u00e1s atelaci\u00f3n te aseguras que haya m\u00e1s stock para ti.\u00a0<\/p>\n<p>[\/et_pb_text][\/et_pb_column][et_pb_column _builder_version=\u00bb4.4.2&#8243; type=\u00bb1_2&#8243;][et_pb_text _builder_version=\u00bb4.4.2&#8243; text_font=\u00bb||||||||\u00bb text_text_color=\u00bb#87599f\u00bb header_font=\u00bb||||||||\u00bb header_2_font=\u00bbPlayfair Display|700|||||||\u00bb header_2_text_align=\u00bbcenter\u00bb header_2_text_color=\u00bb#2b2b2b\u00bb header_2_font_size=\u00bb42px\u00bb header_2_line_height=\u00bb1.5em\u00bb text_orientation=\u00bbcenter\u00bb module_alignment=\u00bbcenter\u00bb custom_margin=\u00bb||10px|\u00bb locked=\u00bboff\u00bb]<\/p>\n<h2><span style=\"color: #87599f;\">Reservas<\/span><\/h2>\n<p>[\/et_pb_text][et_pb_text _builder_version=\u00bb4.4.2&#8243; hover_enabled=\u00bb0&#8243;]<\/p>\n<p>Recuerda que para hacer un pedido de pasteleria es necesario almenos 2 d\u00edas de antelaci\u00f3n, ya que todo lo hago a mano y se produce al momento para <br \/>t\u00ed\u00a0\ud83d\ude0a . Para los eventos y mesas dulces, se necesita entre un mes o dos, dependiendo del tama\u00f1o del evento.\u00a0<br \/>Si lo que quieres es reservar una cena de comida mex, \u00a1lo ideal es con una semana de antelaci\u00f3n!<\/p>\n<p>&nbsp;<\/p>\n<p>[\/et_pb_text][\/et_pb_column][\/et_pb_row][\/et_pb_section][et_pb_section fb_built=\u00bb1&#8243; admin_label=\u00bbFooter\u00bb _builder_version=\u00bb4.5.1&#8243; background_color=\u00bb#f4fafa\u00bb top_divider_style=\u00bbramp\u00bb top_divider_color=\u00bb#ffffff\u00bb top_divider_height=\u00bb80%\u00bb top_divider_flip=\u00bbvertical\u00bb locked=\u00bboff\u00bb][\/et_pb_section]<\/p>\n","protected":false},"excerpt":{"rendered":"<p>\u00bfC\u00f3mo hago mi pedido?\u00a1Es muy f\u00e1cil! Primero echa un vistazo a todo lo que tenemos y escoge tu favorito. Para encargarlo, solo tienes que ped\u00edrmelo mediante el bot\u00f3n de Whats App que encontrar\u00e1s abajo a la derecha en esta web. Una vez clickes en el bot\u00f3n, se te abrir\u00e1 la ventana de Whats App y [&hellip;]<\/p>\n","protected":false},"author":1,"featured_media":0,"parent":0,"menu_order":0,"comment_status":"closed","ping_status":"closed","template":"","meta":{"_et_pb_use_builder":"on","_et_pb_old_content":"","_et_gb_content_width":"","om_disable_all_campaigns":false,"_monsterinsights_skip_tracking":false,"_monsterinsights_sitenote_active":false,"_monsterinsights_sitenote_note":"","_monsterinsights_sitenote_category":0,"_joinchat":[],"footnotes":""},"class_list":["post-675","page","type-page","status-publish","hentry"],"aioseo_notices":[],"_links":{"self":[{"href":"https:\/\/kukuracook.com\/index.php\/wp-json\/wp\/v2\/pages\/675","targetHints":{"allow":["GET"]}}],"collection":[{"href":"https:\/\/kukuracook.com\/index.php\/wp-json\/wp\/v2\/pages"}],"about":[{"href":"https:\/\/kukuracook.com\/index.php\/wp-json\/wp\/v2\/types\/page"}],"author":[{"embeddable":true,"href":"https:\/\/kukuracook.com\/index.php\/wp-json\/wp\/v2\/users\/1"}],"replies":[{"embeddable":true,"href":"https:\/\/kukuracook.com\/index.php\/wp-json\/wp\/v2\/comments?post=675"}],"version-history":[{"count":11,"href":"https:\/\/kukuracook.com\/index.php\/wp-json\/wp\/v2\/pages\/675\/revisions"}],"predecessor-version":[{"id":702,"href":"https:\/\/kukuracook.com\/index.php\/wp-json\/wp\/v2\/pages\/675\/revisions\/702"}],"wp:attachment":[{"href":"https:\/\/kukuracook.com\/index.php\/wp-json\/wp\/v2\/media?parent=675"}],"curies":[{"name":"wp","href":"https:\/\/api.w.org\/{rel}","templated":true}]}}