{"id":580,"date":"2023-06-02T09:59:18","date_gmt":"2023-06-02T09:59:18","guid":{"rendered":"https:\/\/kukuracook.com\/?page_id=580"},"modified":"2023-06-03T09:41:29","modified_gmt":"2023-06-03T09:41:29","slug":"mesas-dulces","status":"publish","type":"page","link":"https:\/\/kukuracook.com\/index.php\/mesas-dulces\/","title":{"rendered":"Mesas Dulces"},"content":{"rendered":"<p>[et_pb_section fb_built=\u00bb1&#8243; admin_label=\u00bbHeader\u00bb _builder_version=\u00bb4.4.2&#8243; background_color=\u00bb#fdc732&#8243; use_background_color_gradient=\u00bbon\u00bb background_color_gradient_start=\u00bb#b393c4&#8243; background_color_gradient_end=\u00bb#b9ded9&#8243; background_color_gradient_overlays_image=\u00bbon\u00bb background_enable_image=\u00bboff\u00bb background_position=\u00bbbottom_center\u00bb custom_padding=\u00bb||0px||false|false\u00bb][et_pb_row _builder_version=\u00bb4.4.2&#8243; width=\u00bb100%\u00bb max_width=\u00bbnone\u00bb custom_margin=\u00bb-49px|auto||auto||\u00bb custom_padding=\u00bb||0px|||\u00bb][et_pb_column type=\u00bb4_4&#8243; _builder_version=\u00bb4.5.1&#8243;][et_pb_image src=\u00bbhttp:\/\/kukuracook.com\/wp-content\/uploads\/2023\/05\/pet-shop-21.png\u00bb title_text=\u00bbpet-shop-21&#8243; force_fullwidth=\u00bbon\u00bb _builder_version=\u00bb4.5.1&#8243; custom_padding=\u00bb||0px|||\u00bb][\/et_pb_image][\/et_pb_column][\/et_pb_row][\/et_pb_section][et_pb_section fb_built=\u00bb1&#8243; admin_label=\u00bbFeature 1&#8243; _builder_version=\u00bb4.5.1&#8243; custom_padding=\u00bb15px||7px|||\u00bb][et_pb_row _builder_version=\u00bb3.25&#8243;][et_pb_column type=\u00bb4_4&#8243; _builder_version=\u00bb3.25&#8243; custom_padding=\u00bb|||\u00bb custom_padding__hover=\u00bb|||\u00bb][et_pb_text _builder_version=\u00bb4.4.2&#8243; text_font=\u00bb||||||||\u00bb text_text_color=\u00bb#87599f\u00bb header_font=\u00bb||||||||\u00bb header_2_font=\u00bbPlayfair Display|700|||||||\u00bb header_2_text_align=\u00bbcenter\u00bb header_2_text_color=\u00bb#2b2b2b\u00bb header_2_font_size=\u00bb42px\u00bb header_2_line_height=\u00bb1.5em\u00bb text_orientation=\u00bbcenter\u00bb module_alignment=\u00bbcenter\u00bb custom_margin=\u00bb||10px|\u00bb locked=\u00bboff\u00bb]<\/p>\n<h2><span style=\"color: #87599f;\">MESAS DULCES<\/span><\/h2>\n<p>[\/et_pb_text][et_pb_divider color=\u00bb#71bcb8&#8243; divider_weight=\u00bb3px\u00bb disabled_on=\u00bbon|on|off\u00bb _builder_version=\u00bb4.4.2&#8243; max_width=\u00bb80px\u00bb module_alignment=\u00bbcenter\u00bb height=\u00bb10px\u00bb custom_margin=\u00bb||20px|\u00bb animation_style=\u00bbslide\u00bb animation_direction=\u00bbbottom\u00bb saved_tabs=\u00bball\u00bb locked=\u00bboff\u00bb][\/et_pb_divider][et_pb_text _builder_version=\u00bb4.4.2&#8243; text_font=\u00bbPoppins||||||||\u00bb text_text_color=\u00bbrgba(0,0,0,0.4)\u00bb text_font_size=\u00bb16px\u00bb text_line_height=\u00bb1.9em\u00bb header_font=\u00bb||||||||\u00bb header_2_font=\u00bb||||||||\u00bb text_orientation=\u00bbcenter\u00bb max_width=\u00bb700px\u00bb module_alignment=\u00bbcenter\u00bb custom_margin=\u00bb||-49px|||\u00bb]<\/p>\n<p>\u00a1Bienvenidos amantes de lo dulce! Si te encanta la idea de probar distintos postres mientras te diviertes con un poco de showcooking en directo \u00a1las mesas dulces son tu sue\u00f1o! Sigue leyendo y te cuento m\u00e1s \ud83d\ude42<\/p>\n<p>&nbsp;<\/p>\n<p>[\/et_pb_text][\/et_pb_column][\/et_pb_row][et_pb_row column_structure=\u00bb1_2,1_4,1_4&#8243; use_custom_gutter=\u00bbon\u00bb gutter_width=\u00bb2&#8243; _builder_version=\u00bb3.25&#8243; max_width=\u00bb1440px\u00bb use_custom_width=\u00bbon\u00bb custom_width_px=\u00bb1440px\u00bb][et_pb_column type=\u00bb1_2&#8243; _builder_version=\u00bb3.25&#8243; custom_padding=\u00bb|||\u00bb custom_padding__hover=\u00bb|||\u00bb][et_pb_image src=\u00bbhttp:\/\/kukuracook.com\/wp-content\/uploads\/2023\/06\/IMG_20200719_170119-1-scaled-e1685702288339.jpg\u00bb show_in_lightbox=\u00bbon\u00bb force_fullwidth=\u00bbon\u00bb align_tablet=\u00bbcenter\u00bb align_phone=\u00bb\u00bb align_last_edited=\u00bbon|desktop\u00bb _builder_version=\u00bb4.4.2&#8243; animation_style=\u00bbslide\u00bb animation_direction=\u00bbleft\u00bb animation_intensity_slide=\u00bb5%\u00bb animation_starting_opacity=\u00bb100%\u00bb][\/et_pb_image][\/et_pb_column][et_pb_column type=\u00bb1_4&#8243; _builder_version=\u00bb3.25&#8243; custom_padding=\u00bb|||\u00bb custom_padding__hover=\u00bb|||\u00bb][et_pb_image src=\u00bbhttp:\/\/kukuracook.com\/wp-content\/uploads\/2023\/06\/cf8dcecc21d46e032ca3eb47f1ff3dd4-e1685702359314.jpg\u00bb show_in_lightbox=\u00bbon\u00bb force_fullwidth=\u00bbon\u00bb align_tablet=\u00bbcenter\u00bb align_phone=\u00bb\u00bb align_last_edited=\u00bbon|desktop\u00bb _builder_version=\u00bb4.4.2&#8243; animation_style=\u00bbslide\u00bb animation_direction=\u00bbtop\u00bb animation_intensity_slide=\u00bb5%\u00bb animation_starting_opacity=\u00bb100%\u00bb locked=\u00bboff\u00bb][\/et_pb_image][et_pb_image src=\u00bbhttp:\/\/kukuracook.com\/wp-content\/uploads\/2023\/06\/e1c0de90fae291323754cf718c88dc9f-e1685702513899.jpg\u00bb show_in_lightbox=\u00bbon\u00bb force_fullwidth=\u00bbon\u00bb align_tablet=\u00bbcenter\u00bb align_phone=\u00bb\u00bb align_last_edited=\u00bbon|desktop\u00bb _builder_version=\u00bb4.4.2&#8243; custom_margin=\u00bb|||\u00bb custom_padding=\u00bb15px|||\u00bb animation_style=\u00bbslide\u00bb animation_intensity_slide=\u00bb5%\u00bb animation_starting_opacity=\u00bb100%\u00bb locked=\u00bboff\u00bb][\/et_pb_image][\/et_pb_column][et_pb_column type=\u00bb1_4&#8243; _builder_version=\u00bb3.25&#8243; custom_padding=\u00bb|||\u00bb custom_padding__hover=\u00bb|||\u00bb][et_pb_image src=\u00bbhttp:\/\/kukuracook.com\/wp-content\/uploads\/2023\/06\/0b283eaa6f56de1ec5f0b951e34c5be9-e1685702432250.jpg\u00bb show_in_lightbox=\u00bbon\u00bb force_fullwidth=\u00bbon\u00bb align_tablet=\u00bbcenter\u00bb align_phone=\u00bb\u00bb align_last_edited=\u00bbon|desktop\u00bb _builder_version=\u00bb4.4.2&#8243; animation_style=\u00bbslide\u00bb animation_direction=\u00bbright\u00bb animation_intensity_slide=\u00bb5%\u00bb animation_starting_opacity=\u00bb100%\u00bb locked=\u00bboff\u00bb][\/et_pb_image][et_pb_image src=\u00bbhttp:\/\/kukuracook.com\/wp-content\/uploads\/2023\/06\/22d0f4afea422f22c27c5405d63b8111-e1685702576167.jpg\u00bb show_in_lightbox=\u00bbon\u00bb force_fullwidth=\u00bbon\u00bb align_tablet=\u00bbcenter\u00bb align_phone=\u00bb\u00bb align_last_edited=\u00bbon|desktop\u00bb _builder_version=\u00bb4.4.2&#8243; custom_padding=\u00bb15px|||\u00bb animation_style=\u00bbslide\u00bb animation_direction=\u00bbright\u00bb animation_intensity_slide=\u00bb5%\u00bb animation_starting_opacity=\u00bb100%\u00bb locked=\u00bboff\u00bb][\/et_pb_image][\/et_pb_column][\/et_pb_row][\/et_pb_section][et_pb_section fb_built=\u00bb1&#8243; prev_background_color=\u00bb#ffffff\u00bb admin_label=\u00bbServices\u00bb _builder_version=\u00bb4.4.2&#8243; background_color=\u00bbgcid-c0d903dc-93ac-4ecc-8236-73ef6305c15d\u00bb custom_padding=\u00bb0px|||||\u00bb top_divider_style=\u00bbarrow2&#8243; top_divider_height=\u00bb44px\u00bb locked=\u00bboff\u00bb collapsed=\u00bbon\u00bb][\/et_pb_section][et_pb_section fb_built=\u00bb1&#8243; admin_label=\u00bbAbout\u00bb _builder_version=\u00bb4.4.2&#8243; background_color=\u00bb#b393c4&#8243; custom_margin=\u00bb-41px|||||\u00bb custom_padding=\u00bb0px||0px||true|false\u00bb top_divider_style=\u00bbwave\u00bb top_divider_color=\u00bbrgba(114,97,160,0.2)\u00bb top_divider_height=\u00bb102px\u00bb locked=\u00bboff\u00bb collapsed=\u00bbon\u00bb][et_pb_row use_custom_gutter=\u00bbon\u00bb gutter_width=\u00bb1&#8243; make_equal=\u00bbon\u00bb _builder_version=\u00bb4.4.2&#8243; width=\u00bb100%\u00bb max_width=\u00bbnone\u00bb custom_padding=\u00bb0px||0px||true|false\u00bb][et_pb_column type=\u00bb4_4&#8243; _builder_version=\u00bb4.20.0&#8243; custom_padding=\u00bb8%|8%|8%|8%|true|true\u00bb][et_pb_text _builder_version=\u00bb4.20.0&#8243; header_2_font=\u00bbMerriweather|700|||||||\u00bb header_2_text_color=\u00bb#FFFFFF\u00bb header_2_font_size=\u00bb48px\u00bb header_2_line_height=\u00bb1.2em\u00bb custom_margin=\u00bb||10px||false|false\u00bb header_2_font_size_tablet=\u00bb32px\u00bb header_2_font_size_phone=\u00bb20px\u00bb header_2_font_size_last_edited=\u00bbon|desktop\u00bb]<\/p>\n<h2>Que son las mesas dulces<\/h2>\n<p>[\/et_pb_text][et_pb_text _builder_version=\u00bb4.4.2&#8243; text_text_color=\u00bb#FFFFFF\u00bb text_font_size=\u00bb16px\u00bb text_line_height=\u00bb1.8em\u00bb link_font=\u00bb|700|||||||\u00bb link_text_color=\u00bb#9c9b8a\u00bb text_font_size_tablet=\u00bb15px\u00bb text_font_size_phone=\u00bb14px\u00bb text_font_size_last_edited=\u00bbon|desktop\u00bb]<\/p>\n<p>Las mesas dulces son el para\u00edso de los amantes del dulce, <span style=\"color: #442854;\"><strong>\u00a1geniales para celebrar las ocasiones especiales!<\/strong><\/span>\u00a0Cumplea\u00f1os, reuniones de amigos, comuniones&#8230;Podr\u00e1s seleccionar <strong><span style=\"color: #442854;\">tus postres favoritos<\/span><\/strong> para crear tu mesa dulce perfecta. Por supuesto tenemos nuestras cookies (las mejores, te lo prometo) brownies, blondies, cakes, muffins\u2026 Adem\u00e1s siempre me mantengo alerta de las \u00faltimas tendencias<span class=\"Apple-converted-space\">\u00a0 <\/span>para incluirlas en las propuestas. Ah y si quieres <span style=\"color: #442854;\"><strong>puedes a\u00f1adir una selecci\u00f3n de postres de estilo saludable, o hechos con edulcorante, \u00a1o quiz\u00e1s alg\u00fan postre sin gluten o lactosa!<\/strong><\/span><\/p>\n<p>Pero aqu\u00ed no termina la fiesta. \u00a1No se\u00f1or! Si buscas una experiencia divertida y diferente, <span style=\"color: #442854;\"><strong>ofrecemos showcooking en vivo durante el evento,<\/strong><\/span> por lo que cocinar\u00e9 alguno de los postres justo frente a tus ojos, reci\u00e9n hecho. \u00a1Es todo un espect\u00e1culo lleno de aroma, color y sabor!<\/p>\n<p>Lo que m\u00e1s queremos es que todos los comensales encuentren algo delicioso que se ajuste a sus necesidades y preferencias, as\u00ed que <span style=\"color: #442854;\"><strong>cu\u00e9ntame tu idea y yo te aconsejar\u00e9 la mejor opci\u00f3n \ud83d\ude42<span class=\"Apple-converted-space\">\u00a0<\/span><\/strong><\/span><\/p>\n<p>Eso s\u00ed , recuerda que para reservar una mesa necesitas almenos <span style=\"color: #442854;\"><strong>un mes de antelaci\u00f3n<\/strong><\/span>, \u00a1haz click en el bot\u00f3n de whats app para resservar tu fecha!<\/p>\n<p>[\/et_pb_text][\/et_pb_column][\/et_pb_row][\/et_pb_section][et_pb_section fb_built=\u00bb1&#8243; admin_label=\u00bbFeature 1&#8243; _builder_version=\u00bb4.4.2&#8243; background_color=\u00bb#ffffff\u00bb custom_padding=\u00bb15px||7px|||\u00bb hover_enabled=\u00bb0&#8243;][et_pb_row column_structure=\u00bb1_4,1_4,1_4,1_4&#8243; use_custom_gutter=\u00bbon\u00bb gutter_width=\u00bb2&#8243; make_equal=\u00bbon\u00bb custom_padding_last_edited=\u00bbon|tablet\u00bb _builder_version=\u00bb4.4.2&#8243; custom_padding_tablet=\u00bb||0px||false|false\u00bb custom_padding_phone=\u00bb||0px||false|false\u00bb hover_enabled=\u00bb0&#8243; locked=\u00bboff\u00bb][et_pb_column type=\u00bb1_4&#8243; _builder_version=\u00bb4.20.0&#8243; background_color=\u00bb#FFFFFF\u00bb custom_padding=\u00bb40px|20px|40px|20px|true|true\u00bb custom_padding_tablet=\u00bb30px|30px|30px|30px|true|true\u00bb custom_padding_phone=\u00bb20px|20px|20px|20px|true|true\u00bb custom_padding_last_edited=\u00bbon|desktop\u00bb custom_padding__hover=\u00bb30px||50px||false|true\u00bb custom_padding__hover_enabled=\u00bbon|desktop\u00bb][et_pb_blurb title=\u00bbPonte en contacto conmigo y explicame que quieres celebrar\u00bb image=\u00bbhttp:\/\/kukuracook.com\/wp-content\/uploads\/2023\/06\/unicornio-7.png\u00bb image_max_width=\u00bb69%\u00bb content_max_width=\u00bb100%\u00bb _builder_version=\u00bb4.4.2&#8243; header_font=\u00bbInter|700|||||||\u00bb header_text_color=\u00bb#5e5e4e\u00bb header_font_size=\u00bb17px\u00bb header_line_height=\u00bb1.4em\u00bb body_line_height=\u00bb1.6em\u00bb text_orientation=\u00bbcenter\u00bb animation=\u00bboff\u00bb hover_enabled=\u00bb0&#8243; header_font_size_tablet=\u00bb16px\u00bb header_font_size_phone=\u00bb14px\u00bb header_font_size_last_edited=\u00bbon|desktop\u00bb locked=\u00bboff\u00bb body_text_color__hover=\u00bb#666666&#8243; body_text_color__hover_enabled=\u00bboff|desktop\u00bb][\/et_pb_blurb][\/et_pb_column][et_pb_column type=\u00bb1_4&#8243; _builder_version=\u00bb4.20.0&#8243; background_color=\u00bb#FFFFFF\u00bb custom_padding=\u00bb40px|20px|40px|20px|true|true\u00bb custom_padding_tablet=\u00bb30px|30px|30px|30px|true|true\u00bb custom_padding_phone=\u00bb20px|20px|20px|20px|true|true\u00bb custom_padding_last_edited=\u00bbon|desktop\u00bb custom_padding__hover=\u00bb30px||50px||false|true\u00bb custom_padding__hover_enabled=\u00bbon|desktop\u00bb][et_pb_blurb title=\u00bbMonta tu mesa dulce con los postres que m\u00e1s te gusten\u00bb image=\u00bbhttp:\/\/kukuracook.com\/wp-content\/uploads\/2023\/06\/pastel.png\u00bb image_max_width=\u00bb69%\u00bb content_max_width=\u00bb100%\u00bb _builder_version=\u00bb4.4.2&#8243; header_font=\u00bbInter|700|||||||\u00bb header_text_color=\u00bb#5e5e4e\u00bb header_font_size=\u00bb17px\u00bb header_line_height=\u00bb1.4em\u00bb body_line_height=\u00bb1.6em\u00bb text_orientation=\u00bbcenter\u00bb animation=\u00bboff\u00bb hover_enabled=\u00bb0&#8243; header_font_size_tablet=\u00bb16px\u00bb header_font_size_phone=\u00bb14px\u00bb header_font_size_last_edited=\u00bbon|desktop\u00bb locked=\u00bboff\u00bb body_text_color__hover=\u00bb#666666&#8243; body_text_color__hover_enabled=\u00bboff|desktop\u00bb][\/et_pb_blurb][\/et_pb_column][et_pb_column type=\u00bb1_4&#8243; _builder_version=\u00bb4.20.0&#8243; background_color=\u00bb#FFFFFF\u00bb custom_padding=\u00bb40px|20px|40px|20px|true|true\u00bb custom_padding_tablet=\u00bb30px|30px|30px|30px|true|true\u00bb custom_padding_phone=\u00bb20px|20px|20px|20px|true|true\u00bb custom_padding_last_edited=\u00bbon|desktop\u00bb custom_padding__hover=\u00bb30px||50px||false|true\u00bb custom_padding__hover_enabled=\u00bbon|desktop\u00bb][et_pb_blurb title=\u00bbEscoge tu showcooking favorito\u00bb image=\u00bbhttp:\/\/kukuracook.com\/wp-content\/uploads\/2023\/06\/unicornio-5.png\u00bb image_max_width=\u00bb70%\u00bb content_max_width=\u00bb100%\u00bb _builder_version=\u00bb4.4.2&#8243; header_font=\u00bbInter|700|||||||\u00bb header_text_color=\u00bb#5e5e4e\u00bb header_font_size=\u00bb17px\u00bb header_line_height=\u00bb1.4em\u00bb body_line_height=\u00bb1.6em\u00bb text_orientation=\u00bbcenter\u00bb animation=\u00bboff\u00bb hover_enabled=\u00bb0&#8243; header_font_size_tablet=\u00bb16px\u00bb header_font_size_phone=\u00bb14px\u00bb header_font_size_last_edited=\u00bbon|desktop\u00bb locked=\u00bboff\u00bb body_text_color__hover=\u00bb#666666&#8243; body_text_color__hover_enabled=\u00bboff|desktop\u00bb][\/et_pb_blurb][\/et_pb_column][et_pb_column type=\u00bb1_4&#8243; _builder_version=\u00bb4.20.0&#8243; background_color=\u00bb#FFFFFF\u00bb custom_padding=\u00bb40px|20px|40px|20px|true|true\u00bb custom_padding_tablet=\u00bb30px|30px|30px|30px|true|true\u00bb custom_padding_phone=\u00bb20px|20px|20px|20px|true|true\u00bb custom_padding_last_edited=\u00bbon|desktop\u00bb custom_padding__hover=\u00bb30px||50px||false|true\u00bb custom_padding__hover_enabled=\u00bbon|desktop\u00bb][et_pb_blurb title=\u00bbHaz la reserva final de tu mesa dulce\u00bb image=\u00bbhttp:\/\/kukuracook.com\/wp-content\/uploads\/2023\/06\/unicornio-4.png\u00bb image_max_width=\u00bb70%\u00bb content_max_width=\u00bb100%\u00bb _builder_version=\u00bb4.4.2&#8243; header_font=\u00bbInter|700|||||||\u00bb header_text_color=\u00bb#5e5e4e\u00bb header_font_size=\u00bb17px\u00bb header_line_height=\u00bb1.4em\u00bb body_line_height=\u00bb1.6em\u00bb text_orientation=\u00bbcenter\u00bb animation=\u00bboff\u00bb hover_enabled=\u00bb0&#8243; header_font_size_tablet=\u00bb16px\u00bb header_font_size_phone=\u00bb14px\u00bb header_font_size_last_edited=\u00bbon|desktop\u00bb locked=\u00bboff\u00bb body_text_color__hover=\u00bb#666666&#8243; body_text_color__hover_enabled=\u00bboff|desktop\u00bb][\/et_pb_blurb][\/et_pb_column][\/et_pb_row][\/et_pb_section][et_pb_section fb_built=\u00bb1&#8243; admin_label=\u00bbFooter\u00bb _builder_version=\u00bb4.5.1&#8243; background_color=\u00bb#f4fafa\u00bb top_divider_style=\u00bbramp\u00bb top_divider_color=\u00bb#ffffff\u00bb top_divider_height=\u00bb80%\u00bb top_divider_flip=\u00bbvertical\u00bb locked=\u00bboff\u00bb][\/et_pb_section]<\/p>\n","protected":false},"excerpt":{"rendered":"<p>MESAS DULCES\u00a1Bienvenidos amantes de lo dulce! Si te encanta la idea de probar distintos postres mientras te diviertes con un poco de showcooking en directo \u00a1las mesas dulces son tu sue\u00f1o! Sigue leyendo y te cuento m\u00e1s \ud83d\ude42 &nbsp;Que son las mesas dulcesLas mesas dulces son el para\u00edso de los amantes del dulce, \u00a1geniales para [&hellip;]<\/p>\n","protected":false},"author":1,"featured_media":0,"parent":0,"menu_order":0,"comment_status":"closed","ping_status":"closed","template":"","meta":{"_et_pb_use_builder":"on","_et_pb_old_content":"","_et_gb_content_width":"","om_disable_all_campaigns":false,"_monsterinsights_skip_tracking":false,"_monsterinsights_sitenote_active":false,"_monsterinsights_sitenote_note":"","_monsterinsights_sitenote_category":0,"_joinchat":[],"footnotes":""},"class_list":["post-580","page","type-page","status-publish","hentry"],"aioseo_notices":[],"_links":{"self":[{"href":"https:\/\/kukuracook.com\/index.php\/wp-json\/wp\/v2\/pages\/580","targetHints":{"allow":["GET"]}}],"collection":[{"href":"https:\/\/kukuracook.com\/index.php\/wp-json\/wp\/v2\/pages"}],"about":[{"href":"https:\/\/kukuracook.com\/index.php\/wp-json\/wp\/v2\/types\/page"}],"author":[{"embeddable":true,"href":"https:\/\/kukuracook.com\/index.php\/wp-json\/wp\/v2\/users\/1"}],"replies":[{"embeddable":true,"href":"https:\/\/kukuracook.com\/index.php\/wp-json\/wp\/v2\/comments?post=580"}],"version-history":[{"count":10,"href":"https:\/\/kukuracook.com\/index.php\/wp-json\/wp\/v2\/pages\/580\/revisions"}],"predecessor-version":[{"id":621,"href":"https:\/\/kukuracook.com\/index.php\/wp-json\/wp\/v2\/pages\/580\/revisions\/621"}],"wp:attachment":[{"href":"https:\/\/kukuracook.com\/index.php\/wp-json\/wp\/v2\/media?parent=580"}],"curies":[{"name":"wp","href":"https:\/\/api.w.org\/{rel}","templated":true}]}}