{"id":542,"date":"2023-05-26T11:28:33","date_gmt":"2023-05-26T11:28:33","guid":{"rendered":"https:\/\/kukuracook.com\/?page_id=542"},"modified":"2023-06-07T16:12:46","modified_gmt":"2023-06-07T16:12:46","slug":"eventos-talleres-y-showcooking","status":"publish","type":"page","link":"https:\/\/kukuracook.com\/index.php\/eventos-talleres-y-showcooking\/","title":{"rendered":"Eventos, Talleres y Showcooking"},"content":{"rendered":"<p>[et_pb_section fb_built=\u00bb1&#8243; admin_label=\u00bbHeader\u00bb _builder_version=\u00bb4.4.2&#8243; background_color=\u00bb#fdc732&#8243; use_background_color_gradient=\u00bbon\u00bb background_color_gradient_start=\u00bb#b393c4&#8243; background_color_gradient_end=\u00bb#b9ded9&#8243; background_color_gradient_overlays_image=\u00bbon\u00bb background_enable_image=\u00bboff\u00bb background_position=\u00bbbottom_center\u00bb custom_padding=\u00bb||0px||false|false\u00bb][et_pb_row _builder_version=\u00bb4.4.2&#8243; width=\u00bb100%\u00bb max_width=\u00bbnone\u00bb custom_margin=\u00bb-49px|auto||auto||\u00bb custom_padding=\u00bb||0px|||\u00bb][et_pb_column type=\u00bb4_4&#8243; _builder_version=\u00bb4.5.1&#8243;][et_pb_image src=\u00bbhttp:\/\/kukuracook.com\/wp-content\/uploads\/2023\/05\/pet-shop-21.png\u00bb title_text=\u00bbpet-shop-21&#8243; force_fullwidth=\u00bbon\u00bb _builder_version=\u00bb4.5.1&#8243; custom_padding=\u00bb||0px|||\u00bb][\/et_pb_image][\/et_pb_column][\/et_pb_row][\/et_pb_section][et_pb_section fb_built=\u00bb1&#8243; admin_label=\u00bbFeature 1&#8243; _builder_version=\u00bb4.5.1&#8243; custom_padding=\u00bb15px||7px|||\u00bb][et_pb_row _builder_version=\u00bb3.25&#8243;][et_pb_column type=\u00bb4_4&#8243; _builder_version=\u00bb3.25&#8243; custom_padding=\u00bb|||\u00bb custom_padding__hover=\u00bb|||\u00bb][et_pb_text _builder_version=\u00bb4.4.2&#8243; text_font=\u00bb||||||||\u00bb text_text_color=\u00bb#87599f\u00bb header_font=\u00bb||||||||\u00bb header_2_font=\u00bbPlayfair Display|700|||||||\u00bb header_2_text_align=\u00bbcenter\u00bb header_2_text_color=\u00bb#2b2b2b\u00bb header_2_font_size=\u00bb42px\u00bb header_2_line_height=\u00bb1.5em\u00bb text_orientation=\u00bbcenter\u00bb module_alignment=\u00bbcenter\u00bb custom_margin=\u00bb||10px|\u00bb hover_enabled=\u00bb0&#8243; locked=\u00bboff\u00bb content_last_edited=\u00bbon|phone\u00bb content_phone=\u00bb<\/p>\n<p><span style=%22color: #87599f;%22>EVENTOS, TALLERES Y SHOWCOOKING<\/span><\/p>\n<p>\u00bb text_font_last_edited=\u00bbon|phone\u00bb text_font_phone=\u00bbAbhaya Libre|700|||||||\u00bb text_font_size=\u00bb32px\u00bb text_line_height=\u00bb1.2em\u00bb]<\/p>\n<h2><span style=\"color: #87599f;\">EVENTOS, TALLERES Y SHOWCOOKING<\/span><\/h2>\n<p>[\/et_pb_text][et_pb_divider color=\u00bb#71bcb8&#8243; divider_weight=\u00bb3px\u00bb disabled_on=\u00bbon|on|off\u00bb _builder_version=\u00bb4.4.2&#8243; max_width=\u00bb80px\u00bb module_alignment=\u00bbcenter\u00bb height=\u00bb10px\u00bb custom_margin=\u00bb||20px|\u00bb animation_style=\u00bbslide\u00bb animation_direction=\u00bbbottom\u00bb saved_tabs=\u00bball\u00bb locked=\u00bboff\u00bb][\/et_pb_divider][et_pb_text _builder_version=\u00bb4.4.2&#8243; text_font=\u00bbPoppins||||||||\u00bb text_text_color=\u00bbrgba(0,0,0,0.4)\u00bb text_font_size=\u00bb16px\u00bb text_line_height=\u00bb1.9em\u00bb header_font=\u00bb||||||||\u00bb header_2_font=\u00bb||||||||\u00bb text_orientation=\u00bbcenter\u00bb max_width=\u00bb700px\u00bb module_alignment=\u00bbcenter\u00bb]<\/p>\n<p>Si lo que buscas es una experiencia gastron\u00f3mica este es tu sitio. \u00bfQuieres celebrar un cumplea\u00f1os tem\u00e1tico? \u00bfO quiz\u00e1s tienes un evento en tu trabajo y necesitas un coffee break? O qu\u00e9 tal una charla de nutrici\u00f3n para tu equipo \ud83d\ude42 Me gusta personalizar para cada cliente as\u00ed, \u00a1que no dudes en contactarme para explicarme tu idea!<\/p>\n<p>&nbsp;<\/p>\n<p>[\/et_pb_text][\/et_pb_column][\/et_pb_row][et_pb_row column_structure=\u00bb1_3,1_3,1_3&#8243; _builder_version=\u00bb4.4.2&#8243; custom_margin=\u00bb40px|auto|116px|auto||\u00bb hover_enabled=\u00bb0&#8243; custom_margin_last_edited=\u00bbon|phone\u00bb custom_margin_phone=\u00bb-25px|auto|116px|auto|false|false\u00bb][et_pb_column type=\u00bb1_3&#8243; _builder_version=\u00bb3.25&#8243; custom_padding=\u00bb|||\u00bb custom_padding__hover=\u00bb|||\u00bb][et_pb_blurb title=\u00bbTalleres y Showcooking\u00bb image=\u00bbhttp:\/\/kukuracook.com\/wp-content\/uploads\/2023\/02\/cocinero.png\u00bb image_max_width=\u00bb90px\u00bb content_max_width=\u00bb800px\u00bb image_max_width_last_edited=\u00bboff|desktop\u00bb _builder_version=\u00bb4.4.2&#8243; header_font=\u00bbCormorant Garamond|700|||||||\u00bb header_text_color=\u00bb#32855E\u00bb header_font_size=\u00bb26px\u00bb body_font=\u00bb||||||||\u00bb body_font_size=\u00bb15px\u00bb body_line_height=\u00bb2em\u00bb background_color=\u00bbrgba(255,255,255,0.4)\u00bb text_orientation=\u00bbcenter\u00bb custom_margin=\u00bb||-100px\u00bb custom_margin_tablet=\u00bb||-40px\u00bb custom_margin_phone=\u00bb\u00bb custom_margin_last_edited=\u00bbon|desktop\u00bb custom_padding=\u00bb55px|30px|118px|30px|false|true\u00bb custom_padding_tablet=\u00bb30px||80px\u00bb custom_padding_phone=\u00bb\u00bb custom_padding_last_edited=\u00bbon|phone\u00bb animation=\u00bboff\u00bb header_font_size_tablet=\u00bb\u00bb header_font_size_phone=\u00bb21px\u00bb header_font_size_last_edited=\u00bbon|phone\u00bb body_font_size_tablet=\u00bb\u00bb body_font_size_phone=\u00bb14px\u00bb body_font_size_last_edited=\u00bbon|phone\u00bb body_line_height_tablet=\u00bb\u00bb body_line_height_phone=\u00bb1.8em\u00bb body_line_height_last_edited=\u00bbon|phone\u00bb border_radii=\u00bbon|8px|8px|8px|8px\u00bb box_shadow_style=\u00bbpreset6&#8243; box_shadow_blur=\u00bb0px\u00bb box_shadow_spread=\u00bb2px\u00bb box_shadow_color=\u00bbrgba(0,0,0,0.1)\u00bb locked=\u00bboff\u00bb]<\/p>\n<p>Si lo que buscas es aprender sobre cocina o nutrici\u00f3n mientras te diviertes a tope, \u00a1este es tu sitio! Tengo un mont\u00f3n de tem\u00e1ticas, sobretodo relacionadas con la comida internacional, las \u00faltimas tendencias, los productos de Km0 y el mundo saludable. \u00bfCu\u00e1l prefieres?<\/p>\n<p>[\/et_pb_blurb][et_pb_button button_url=\u00bb@ET-DC@eyJkeW5hbWljIjp0cnVlLCJjb250ZW50IjoicG9zdF9saW5rX3VybF9wYWdlIiwic2V0dGluZ3MiOnsicG9zdF9pZCI6IjE1MCJ9fQ==@\u00bb button_text=\u00bbSaber m\u00e1s\u00bb button_alignment=\u00bbcenter\u00bb _builder_version=\u00bb4.4.2&#8243; _dynamic_attributes=\u00bbbutton_url\u00bb custom_button=\u00bbon\u00bb button_text_color=\u00bb#ffffff\u00bb button_bg_use_color_gradient=\u00bbon\u00bb button_bg_color_gradient_start=\u00bb#b67bd8&#8243; button_bg_color_gradient_end=\u00bb#68a0cc\u00bb button_bg_color_gradient_direction=\u00bb-60deg\u00bb button_border_width=\u00bb0px\u00bb button_border_radius=\u00bb6px\u00bb button_font=\u00bbCormorant Garamond|700|||||||\u00bb custom_margin=\u00bb||\u00bb custom_padding=\u00bb10px|40px|10px|40px|true|true\u00bb box_shadow_style=\u00bbpreset3&#8243; box_shadow_color=\u00bb#d6d6d6&#8243; locked=\u00bboff\u00bb][\/et_pb_button][\/et_pb_column][et_pb_column type=\u00bb1_3&#8243; _builder_version=\u00bb3.25&#8243; custom_padding=\u00bb|||\u00bb custom_padding__hover=\u00bb|||\u00bb][et_pb_blurb title=\u00bbEventos\u00bb image=\u00bbhttp:\/\/kukuracook.com\/wp-content\/uploads\/2023\/05\/unicornio-2.png\u00bb image_max_width=\u00bb90px\u00bb content_max_width=\u00bb800px\u00bb image_max_width_last_edited=\u00bboff|desktop\u00bb _builder_version=\u00bb4.4.2&#8243; header_font=\u00bbCormorant Garamond|700|||||||\u00bb header_font_size=\u00bb26px\u00bb body_font=\u00bb||||||||\u00bb body_font_size=\u00bb15px\u00bb body_line_height=\u00bb2em\u00bb background_color=\u00bb#7261a0&#8243; background_color_gradient_direction=\u00bb-60deg\u00bb transform_scale=\u00bb110%|110%\u00bb transform_scale_tablet=\u00bb100%|100%\u00bb transform_scale_phone=\u00bb\u00bb transform_scale_last_edited=\u00bbon|desktop\u00bb transform_translate_tablet=\u00bb\u00bb transform_translate_phone=\u00bb\u00bb transform_translate_last_edited=\u00bbon|desktop\u00bb transform_rotate_tablet=\u00bb\u00bb transform_rotate_phone=\u00bb\u00bb transform_rotate_last_edited=\u00bbon|desktop\u00bb transform_skew_tablet=\u00bb\u00bb transform_skew_phone=\u00bb\u00bb transform_skew_last_edited=\u00bbon|desktop\u00bb transform_origin_tablet=\u00bb\u00bb transform_origin_phone=\u00bb\u00bb transform_origin_last_edited=\u00bbon|desktop\u00bb transform_styles_last_edited=\u00bbon|desktop\u00bb text_orientation=\u00bbcenter\u00bb background_layout=\u00bbdark\u00bb custom_margin=\u00bb||-123px|||\u00bb custom_margin_tablet=\u00bb||-40px\u00bb custom_margin_phone=\u00bb\u00bb custom_margin_last_edited=\u00bbon|desktop\u00bb custom_padding=\u00bb55px|30px|125px|30px|false|true\u00bb custom_padding_tablet=\u00bb30px||80px\u00bb custom_padding_phone=\u00bb\u00bb custom_padding_last_edited=\u00bbon|phone\u00bb animation=\u00bboff\u00bb header_font_size_tablet=\u00bb\u00bb header_font_size_phone=\u00bb21px\u00bb header_font_size_last_edited=\u00bbon|phone\u00bb body_font_size_tablet=\u00bb\u00bb body_font_size_phone=\u00bb14px\u00bb body_font_size_last_edited=\u00bbon|phone\u00bb body_line_height_tablet=\u00bb\u00bb body_line_height_phone=\u00bb1.8em\u00bb body_line_height_last_edited=\u00bbon|phone\u00bb transform_styles_tablet=\u00bb\u00bb transform_styles_phone=\u00bb\u00bb border_radii=\u00bbon|6px|6px|6px|6px\u00bb box_shadow_style=\u00bbpreset1&#8243; box_shadow_horizontal=\u00bb4px\u00bb box_shadow_vertical=\u00bb16px\u00bb box_shadow_blur=\u00bb33px\u00bb box_shadow_spread=\u00bb-4px\u00bb box_shadow_color=\u00bb#b393c4&#8243; locked=\u00bboff\u00bb]<\/p>\n<p><span>Cualquier tipo de celebraci\u00f3n pide a gritos un buen fest\u00edn, \u00bfsi o no?\ud83d\ude0b<br \/> <\/span><span>Es igual que sea un cumplea\u00f1os, una renuni\u00f3n de trabajo, un evento, una celebraci\u00f3n de una fecha especial&#8230; Ponte en contacto conmigo, explicame lo que buscas, y yo te propondr\u00e9 el mejor men\u00fa para cada ocasi\u00f3n y adaptado al p\u00fablico objetivo.<\/span><\/p>\n<p>[\/et_pb_blurb][et_pb_button button_text=\u00bbSaber m\u00e1s\u00bb button_alignment=\u00bbcenter\u00bb _builder_version=\u00bb4.4.2&#8243; custom_button=\u00bbon\u00bb button_text_color=\u00bb#9a58ad\u00bb button_bg_color=\u00bb#ffffff\u00bb button_bg_color_gradient_start=\u00bb#57ac5a\u00bb button_bg_color_gradient_end=\u00bb#7db667&#8243; button_bg_color_gradient_direction=\u00bb-60deg\u00bb button_border_width=\u00bb2px\u00bb button_font=\u00bbCormorant Garamond|700|||||||\u00bb custom_margin=\u00bb51px|||||\u00bb custom_padding=\u00bb10px|40px|10px|40px|true|true\u00bb hover_enabled=\u00bb0&#8243; locked=\u00bboff\u00bb button_border_color_last_edited=\u00bbon|phone\u00bb button_border_color_phone=\u00bb#7261a0&#8243; button_border_radius=\u00bb9px\u00bb][\/et_pb_button][\/et_pb_column][et_pb_column type=\u00bb1_3&#8243; _builder_version=\u00bb3.25&#8243; custom_padding=\u00bb|||\u00bb custom_padding__hover=\u00bb|||\u00bb][et_pb_blurb title=\u00bbCharlas\u00bb image=\u00bbhttp:\/\/kukuracook.com\/wp-content\/uploads\/2023\/05\/unicornio-3.png\u00bb image_max_width=\u00bb90px\u00bb content_max_width=\u00bb800px\u00bb image_max_width_last_edited=\u00bboff|phone\u00bb _builder_version=\u00bb4.4.2&#8243; header_font=\u00bbCormorant Garamond|700|||||||\u00bb header_text_color=\u00bb#32855E\u00bb header_font_size=\u00bb26px\u00bb body_font=\u00bb||||||||\u00bb body_font_size=\u00bb15px\u00bb body_line_height=\u00bb2em\u00bb background_color=\u00bbrgba(255,255,255,0.4)\u00bb text_orientation=\u00bbcenter\u00bb custom_margin=\u00bb||-100px\u00bb custom_margin_tablet=\u00bb||-40px\u00bb custom_margin_phone=\u00bb\u00bb custom_margin_last_edited=\u00bbon|desktop\u00bb custom_padding=\u00bb55px|30px|122px|30px|false|true\u00bb custom_padding_tablet=\u00bb30px||80px\u00bb custom_padding_phone=\u00bb\u00bb custom_padding_last_edited=\u00bbon|phone\u00bb animation=\u00bboff\u00bb header_font_size_tablet=\u00bb\u00bb header_font_size_phone=\u00bb21px\u00bb header_font_size_last_edited=\u00bbon|phone\u00bb body_font_size_tablet=\u00bb\u00bb body_font_size_phone=\u00bb14px\u00bb body_font_size_last_edited=\u00bbon|phone\u00bb body_line_height_tablet=\u00bb\u00bb body_line_height_phone=\u00bb1.8em\u00bb body_line_height_last_edited=\u00bbon|phone\u00bb border_radii=\u00bbon|8px|8px|8px|8px\u00bb box_shadow_style=\u00bbpreset6&#8243; box_shadow_blur=\u00bb0px\u00bb box_shadow_spread=\u00bb2px\u00bb box_shadow_color=\u00bbrgba(0,0,0,0.1)\u00bb locked=\u00bboff\u00bb]<\/p>\n<p>Para fiestas, eventos culturales, para formar o motivar a tu equipo en el trabajo&#8230; En mis charlas vas a aprender un mont\u00f3n de manera divertida, sencilla y cercana. Las m\u00e1s populares son sobre nutrici\u00f3n y visa saludable, nuevas tendencias, social media&#8230;\u00a0<\/p>\n<p>[\/et_pb_blurb][et_pb_button button_text=\u00bbSaber m\u00e1s\u00bb button_alignment=\u00bbcenter\u00bb _builder_version=\u00bb4.4.2&#8243; custom_button=\u00bbon\u00bb button_text_color=\u00bb#ffffff\u00bb button_bg_use_color_gradient=\u00bbon\u00bb button_bg_color_gradient_start=\u00bb#b67bd8&#8243; button_bg_color_gradient_end=\u00bb#68a0cc\u00bb button_bg_color_gradient_direction=\u00bb-60deg\u00bb button_border_width=\u00bb0px\u00bb button_border_radius=\u00bb6px\u00bb button_font=\u00bbCormorant Garamond|700|||||||\u00bb custom_margin=\u00bb||\u00bb custom_padding=\u00bb10px|40px|10px|40px|true|true\u00bb box_shadow_style=\u00bbpreset3&#8243; box_shadow_color=\u00bb#d6d6d6&#8243; locked=\u00bboff\u00bb][\/et_pb_button][\/et_pb_column][\/et_pb_row][\/et_pb_section][et_pb_section fb_built=\u00bb1&#8243; admin_label=\u00bbFeature 1&#8243; _builder_version=\u00bb4.4.2&#8243; background_color=\u00bbrgba(185,222,217,0.43)\u00bb custom_padding=\u00bb15px||7px|||\u00bb][et_pb_row _builder_version=\u00bb3.25&#8243;][et_pb_column type=\u00bb4_4&#8243; _builder_version=\u00bb3.25&#8243; custom_padding=\u00bb|||\u00bb custom_padding__hover=\u00bb|||\u00bb][et_pb_text _builder_version=\u00bb4.4.2&#8243; text_font=\u00bb||||||||\u00bb text_text_color=\u00bb#87599f\u00bb header_font=\u00bb||||||||\u00bb header_2_font=\u00bbPlayfair Display|700|||||||\u00bb header_2_text_align=\u00bbcenter\u00bb header_2_text_color=\u00bb#2b2b2b\u00bb header_2_font_size=\u00bb42px\u00bb header_2_line_height=\u00bb1.5em\u00bb text_orientation=\u00bbcenter\u00bb module_alignment=\u00bbcenter\u00bb custom_margin=\u00bb||10px|\u00bb locked=\u00bboff\u00bb]<\/p>\n<h2><span style=\"color: #87599f;\">Algunos de mis eventos<\/span><\/h2>\n<p>[\/et_pb_text][et_pb_divider color=\u00bb#71bcb8&#8243; divider_weight=\u00bb3px\u00bb disabled_on=\u00bbon|on|off\u00bb _builder_version=\u00bb4.4.2&#8243; max_width=\u00bb80px\u00bb module_alignment=\u00bbcenter\u00bb height=\u00bb10px\u00bb custom_margin=\u00bb||20px|\u00bb animation_style=\u00bbslide\u00bb animation_direction=\u00bbbottom\u00bb saved_tabs=\u00bball\u00bb locked=\u00bboff\u00bb][\/et_pb_divider][et_pb_text _builder_version=\u00bb4.4.2&#8243; text_font=\u00bbPoppins||||||||\u00bb text_text_color=\u00bbrgba(0,0,0,0.4)\u00bb text_font_size=\u00bb16px\u00bb text_line_height=\u00bb1.9em\u00bb header_font=\u00bb||||||||\u00bb header_2_font=\u00bb||||||||\u00bb text_orientation=\u00bbcenter\u00bb max_width=\u00bb700px\u00bb module_alignment=\u00bbcenter\u00bb]<\/p>\n<p><span style=\"font-size: 16px;\">Aqu\u00ed te dejo algunos ejemplos de eventos, talleres y charlas \ud83d\ude42 Para pedir el tuyo haz click en el bot\u00f3n de Whats App y hablar\u00e1s directamente conmigo.\u00a0<\/span><\/p>\n<p>[\/et_pb_text][\/et_pb_column][\/et_pb_row][et_pb_row column_structure=\u00bb1_4,1_4,1_4,1_4&#8243; use_custom_gutter=\u00bbon\u00bb gutter_width=\u00bb2&#8243; _builder_version=\u00bb3.25&#8243;][et_pb_column type=\u00bb1_4&#8243; _builder_version=\u00bb3.25&#8243; custom_padding=\u00bb|||\u00bb custom_padding__hover=\u00bb|||\u00bb][et_pb_image src=\u00bbhttp:\/\/kukuracook.com\/wp-content\/uploads\/2023\/05\/WhatsApp-Image-2023-05-26-at-18.07.00-e1685117492233.jpeg\u00bb url=\u00bb#\u00bb align_tablet=\u00bbcenter\u00bb align_phone=\u00bb\u00bb align_last_edited=\u00bbon|desktop\u00bb _builder_version=\u00bb4.4.2&#8243; animation_style=\u00bbfade\u00bb][\/et_pb_image][et_pb_text _builder_version=\u00bb4.4.2&#8243; text_font=\u00bbPoppins||||||||\u00bb text_text_color=\u00bb#2b2b2b\u00bb text_line_height=\u00bb1.3em\u00bb]<\/p>\n<p>I Jornadas Agroalimentarias Ribera Baja del Ebro &#8211; C<span>harla con showcooking de Km0<\/span><\/p>\n<p>[\/et_pb_text][\/et_pb_column][et_pb_column type=\u00bb1_4&#8243; _builder_version=\u00bb3.25&#8243; custom_padding=\u00bb|||\u00bb custom_padding__hover=\u00bb|||\u00bb][et_pb_image src=\u00bbhttp:\/\/kukuracook.com\/wp-content\/uploads\/2023\/05\/IMG_20230507_151320-2023-05-31T10_50_23.934-e1685530419650.png\u00bb url=\u00bb#\u00bb align_tablet=\u00bbcenter\u00bb align_phone=\u00bb\u00bb align_last_edited=\u00bbon|desktop\u00bb _builder_version=\u00bb4.4.2&#8243; animation_style=\u00bbfade\u00bb animation_delay=\u00bb100ms\u00bb][\/et_pb_image][et_pb_text _builder_version=\u00bb4.4.2&#8243; text_font=\u00bbPoppins||||||||\u00bb text_text_color=\u00bb#2b2b2b\u00bb text_line_height=\u00bb1.3em\u00bb]<\/p>\n<p>Fiesta de la Ilustraci\u00f3n En Gelsa &#8211; Showcooking para los ilustradores<\/p>\n<p>[\/et_pb_text][\/et_pb_column][et_pb_column type=\u00bb1_4&#8243; _builder_version=\u00bb3.25&#8243; custom_padding=\u00bb|||\u00bb custom_padding__hover=\u00bb|||\u00bb][et_pb_image src=\u00bbhttp:\/\/kukuracook.com\/wp-content\/uploads\/2023\/05\/IMG_20230509_115155-scaled-e1685530971224.jpg\u00bb url=\u00bb#\u00bb align_tablet=\u00bbcenter\u00bb align_phone=\u00bb\u00bb align_last_edited=\u00bbon|desktop\u00bb _builder_version=\u00bb4.4.2&#8243; use_background_color_gradient=\u00bbon\u00bb background_color_gradient_start=\u00bb#ff6a88&#8243; background_color_gradient_end=\u00bb#ff99ac\u00bb background_color_gradient_direction=\u00bb9deg\u00bb animation_style=\u00bbfade\u00bb animation_delay=\u00bb200ms\u00bb][\/et_pb_image][et_pb_text _builder_version=\u00bb4.4.2&#8243; text_font=\u00bbPoppins||||||||\u00bb text_text_color=\u00bb#2b2b2b\u00bb text_line_height=\u00bb1.3em\u00bb]<\/p>\n<p>Coffee Break para Pladur Algis<\/p>\n<p>[\/et_pb_text][\/et_pb_column][et_pb_column type=\u00bb1_4&#8243; _builder_version=\u00bb3.25&#8243; custom_padding=\u00bb|||\u00bb custom_padding__hover=\u00bb|||\u00bb][et_pb_image src=\u00bbhttp:\/\/kukuracook.com\/wp-content\/uploads\/2023\/06\/WhatsApp-Image-2023-06-02-at-11.41.11-e1685699042734.jpeg\u00bb url=\u00bb#\u00bb align_tablet=\u00bbcenter\u00bb align_phone=\u00bb\u00bb align_last_edited=\u00bbon|desktop\u00bb _builder_version=\u00bb4.4.2&#8243; animation_style=\u00bbfade\u00bb animation_delay=\u00bb300ms\u00bb][\/et_pb_image][et_pb_text _builder_version=\u00bb4.4.2&#8243; text_font=\u00bbPoppins||||||||\u00bb text_text_color=\u00bb#2b2b2b\u00bb text_line_height=\u00bb1.3em\u00bb]<\/p>\n<p>Fiesta de\u00a0Entrega de diplomas de los alumnos de 2Bachillerato y FP del IES Benjam\u00edn Jarn\u00e9s &#8211; Gelsa<\/p>\n<p>[\/et_pb_text][\/et_pb_column][\/et_pb_row][et_pb_row _builder_version=\u00bb4.4.2&#8243; custom_margin=\u00bb|auto|22px|auto||\u00bb custom_padding=\u00bb||0px|||\u00bb][et_pb_column type=\u00bb4_4&#8243; _builder_version=\u00bb4.4.2&#8243;][et_pb_divider color=\u00bb#7261a0&#8243; divider_style=\u00bbdotted\u00bb divider_weight=\u00bb4px\u00bb _builder_version=\u00bb4.4.2&#8243; width=\u00bb29%\u00bb module_alignment=\u00bbcenter\u00bb][\/et_pb_divider][\/et_pb_column][\/et_pb_row][\/et_pb_section]<\/p>\n","protected":false},"excerpt":{"rendered":"<p>EVENTOS, TALLERES Y SHOWCOOKINGSi lo que buscas es una experiencia gastron\u00f3mica este es tu sitio. \u00bfQuieres celebrar un cumplea\u00f1os tem\u00e1tico? \u00bfO quiz\u00e1s tienes un evento en tu trabajo y necesitas un coffee break? O qu\u00e9 tal una charla de nutrici\u00f3n para tu equipo \ud83d\ude42 Me gusta personalizar para cada cliente as\u00ed, \u00a1que no dudes en [&hellip;]<\/p>\n","protected":false},"author":1,"featured_media":0,"parent":0,"menu_order":0,"comment_status":"closed","ping_status":"closed","template":"","meta":{"_et_pb_use_builder":"on","_et_pb_old_content":"","_et_gb_content_width":"","om_disable_all_campaigns":false,"_monsterinsights_skip_tracking":false,"_monsterinsights_sitenote_active":false,"_monsterinsights_sitenote_note":"","_monsterinsights_sitenote_category":0,"_joinchat":[],"footnotes":""},"class_list":["post-542","page","type-page","status-publish","hentry"],"aioseo_notices":[],"_links":{"self":[{"href":"https:\/\/kukuracook.com\/index.php\/wp-json\/wp\/v2\/pages\/542","targetHints":{"allow":["GET"]}}],"collection":[{"href":"https:\/\/kukuracook.com\/index.php\/wp-json\/wp\/v2\/pages"}],"about":[{"href":"https:\/\/kukuracook.com\/index.php\/wp-json\/wp\/v2\/types\/page"}],"author":[{"embeddable":true,"href":"https:\/\/kukuracook.com\/index.php\/wp-json\/wp\/v2\/users\/1"}],"replies":[{"embeddable":true,"href":"https:\/\/kukuracook.com\/index.php\/wp-json\/wp\/v2\/comments?post=542"}],"version-history":[{"count":22,"href":"https:\/\/kukuracook.com\/index.php\/wp-json\/wp\/v2\/pages\/542\/revisions"}],"predecessor-version":[{"id":759,"href":"https:\/\/kukuracook.com\/index.php\/wp-json\/wp\/v2\/pages\/542\/revisions\/759"}],"wp:attachment":[{"href":"https:\/\/kukuracook.com\/index.php\/wp-json\/wp\/v2\/media?parent=542"}],"curies":[{"name":"wp","href":"https:\/\/api.w.org\/{rel}","templated":true}]}}