{"id":409,"date":"2023-05-24T13:29:39","date_gmt":"2023-05-24T13:29:39","guid":{"rendered":"https:\/\/kukuracook.com\/?page_id=409"},"modified":"2023-05-24T13:38:57","modified_gmt":"2023-05-24T13:38:57","slug":"sobre-mi","status":"publish","type":"page","link":"https:\/\/kukuracook.com\/index.php\/sobre-mi\/","title":{"rendered":"Sobre m\u00ed"},"content":{"rendered":"<p>[et_pb_section fb_built=\u00bb1&#8243; admin_label=\u00bbHeader\u00bb _builder_version=\u00bb4.4.2&#8243; background_color=\u00bb#fdc732&#8243; use_background_color_gradient=\u00bbon\u00bb background_color_gradient_start=\u00bb#b393c4&#8243; background_color_gradient_end=\u00bb#b9ded9&#8243; background_color_gradient_overlays_image=\u00bbon\u00bb background_enable_image=\u00bboff\u00bb background_position=\u00bbbottom_center\u00bb custom_padding=\u00bb||0px||false|false\u00bb][et_pb_row _builder_version=\u00bb4.4.2&#8243; width=\u00bb100%\u00bb max_width=\u00bbnone\u00bb custom_margin=\u00bb-49px|auto||auto||\u00bb custom_padding=\u00bb||0px|||\u00bb][et_pb_column type=\u00bb4_4&#8243; _builder_version=\u00bb4.5.1&#8243;][et_pb_image src=\u00bbhttp:\/\/kukuracook.com\/wp-content\/uploads\/2023\/05\/pet-shop-21.png\u00bb title_text=\u00bbpet-shop-21&#8243; force_fullwidth=\u00bbon\u00bb _builder_version=\u00bb4.5.1&#8243; custom_padding=\u00bb||0px|||\u00bb][\/et_pb_image][\/et_pb_column][\/et_pb_row][\/et_pb_section][et_pb_section fb_built=\u00bb1&#8243; admin_label=\u00bbFeature 1&#8243; _builder_version=\u00bb4.5.1&#8243; custom_padding=\u00bb15px||7px|||\u00bb][et_pb_row column_structure=\u00bb1_2,1_2&#8243; _builder_version=\u00bb4.5.1&#8243; custom_padding=\u00bb0px||0px|||\u00bb][et_pb_column type=\u00bb1_2&#8243; _builder_version=\u00bb4.5.1&#8243;][et_pb_image src=\u00bbhttp:\/\/kukuracook.com\/wp-content\/uploads\/2023\/05\/Lorenapalacioskukura_Mesa-de-trabajo-1.png\u00bb title_text=\u00bbpet-shop-62&#8243; _builder_version=\u00bb4.4.2&#8243; transform_scale=\u00bb136%|136%\u00bb custom_margin=\u00bb49px||||false|false\u00bb custom_padding=\u00bb38px||0px|||\u00bb locked=\u00bboff\u00bb][\/et_pb_image][\/et_pb_column][et_pb_column type=\u00bb1_2&#8243; _builder_version=\u00bb4.5.1&#8243;][et_pb_text _builder_version=\u00bb4.4.2&#8243; text_font=\u00bbCormorant Garamond|700|||||||\u00bb text_text_color=\u00bb#87599f\u00bb text_font_size=\u00bb61px\u00bb text_line_height=\u00bb1.8em\u00bb custom_padding=\u00bb||0px|||\u00bb text_font_size_tablet=\u00bb18px\u00bb text_font_size_phone=\u00bb14px\u00bb text_font_size_last_edited=\u00bbon|tablet\u00bb text_line_height_tablet=\u00bb1.6em\u00bb text_line_height_phone=\u00bb1.8em\u00bb text_line_height_last_edited=\u00bbon|tablet\u00bb locked=\u00bboff\u00bb]<\/p>\n<p>\u00a1Hola! Soy Lorena<\/p>\n<p>[\/et_pb_text][et_pb_text _builder_version=\u00bb4.5.1&#8243; text_font=\u00bbJosefin Sans||||||||\u00bb text_text_color=\u00bb#000000&#8243; text_font_size=\u00bb16px\u00bb text_line_height=\u00bb1.8em\u00bb text_font_size_tablet=\u00bb18px\u00bb text_font_size_phone=\u00bb14px\u00bb text_font_size_last_edited=\u00bbon|tablet\u00bb text_line_height_tablet=\u00bb1.6em\u00bb text_line_height_phone=\u00bb1.8em\u00bb text_line_height_last_edited=\u00bbon|tablet\u00bb locked=\u00bboff\u00bb]<\/p>\n<p>\u00a1Aloha foodies! Te preguntar\u00e1s quien hay detr\u00e1s de Kukura y porqu\u00e9 estoy en Cinco Olivas, as\u00ed que voy a contarte un poco sobre mi.<span style=\"font-size: 16px;\">\u00a0<\/span><\/p>\n<p>Lo primero presentarme, <b>Soy Lorena Palacios Garc\u00eda<\/b>, \u00a1una milenial apasionada de la comida y todo lo que la rodea! Nac\u00ed en el peque\u00f1o pa\u00eds de <b>Andorra<\/b>, de madre Barcelonesa y padre Cinco Olivano-Andorrano (y por tanto de abuelos Cinco Olivanos).<\/p>\n<p>Mi historia ,a diferencia de muchos cocineros, no empieza gracias a el restaurante de mis padres, t\u00edos , abuelos\u2026 \u00a1Nadie en mi familia se dedicaba a la restauraci\u00f3n! Simplemente nac\u00ed<b> con una pasi\u00f3n<\/b> que desde muy peque\u00f1ita, <b>siempre preocupada por la comida, curiosa sobre los alimentos, \u00a1y con un apetito pr\u00e1cticamente insaciable!<\/b> Una pasi\u00f3n que ha ido creciendo y a la que he ido cultivando hasta convertirme hoy en d\u00eda <b>en especialista en gastromarketing y food designer<\/b> para poder llevar a tu casa la misma felicidad que me produce a m\u00ed la cocina.<span class=\"Apple-converted-space\">\u00a0<\/span><\/p>\n<p><span class=\"Apple-converted-space\">\u00bfY porqu\u00e9 en Cinco Olivas? F\u00e1cil, me encanta \ud83d\ude42 Y quiero regresar a mis raices para traer a los foodies de la Ribera Baja la mejor gastronom\u00eda.\u00a0<\/span><\/p>\n<p>&nbsp;<\/p>\n<p>[\/et_pb_text][\/et_pb_column][\/et_pb_row][et_pb_row _builder_version=\u00bb4.4.2&#8243; custom_margin=\u00bb|auto|22px|auto||\u00bb custom_padding=\u00bb||0px|||\u00bb][et_pb_column type=\u00bb4_4&#8243; _builder_version=\u00bb4.4.2&#8243;][et_pb_text _builder_version=\u00bb4.4.2&#8243; text_font=\u00bbCormorant Garamond|700|||||||\u00bb text_text_color=\u00bb#71bcb8&#8243; text_font_size=\u00bb24px\u00bb text_line_height=\u00bb1em\u00bb link_font=\u00bb||||on||||\u00bb link_text_color=\u00bb#442854&#8243; custom_margin=\u00bb-75px||-38px|||\u00bb text_font_size_tablet=\u00bb16px\u00bb text_font_size_phone=\u00bb14px\u00bb text_font_size_last_edited=\u00bbon|tablet\u00bb header_font_size_tablet=\u00bb55px\u00bb header_font_size_last_edited=\u00bboff|desktop\u00bb]<\/p>\n<p style=\"text-align: center;\"><span color=\"#b393c4\" style=\"color: #71bcb8;\"><span style=\"caret-color: #b393c4;\">\u00a1SIGUE LEYENDO PARA SABER M\u00c1S!<\/span><\/span><\/p>\n<p>&nbsp;<\/p>\n<p>[\/et_pb_text][et_pb_divider color=\u00bb#7261a0&#8243; divider_style=\u00bbdotted\u00bb divider_weight=\u00bb4px\u00bb _builder_version=\u00bb4.4.2&#8243; width=\u00bb29%\u00bb module_alignment=\u00bbcenter\u00bb][\/et_pb_divider][\/et_pb_column][\/et_pb_row][\/et_pb_section][et_pb_section fb_built=\u00bb1&#8243; prev_background_color=\u00bb#ffffff\u00bb admin_label=\u00bbAbout\u00bb _builder_version=\u00bb4.4.2&#8243; background_color=\u00bb#b393c4&#8243; custom_margin=\u00bb-41px|||||\u00bb custom_padding=\u00bb0px||0px||true|false\u00bb top_divider_style=\u00bbwave\u00bb top_divider_height=\u00bb65px\u00bb locked=\u00bboff\u00bb collapsed=\u00bbon\u00bb][et_pb_row use_custom_gutter=\u00bbon\u00bb gutter_width=\u00bb1&#8243; make_equal=\u00bbon\u00bb _builder_version=\u00bb4.4.2&#8243; width=\u00bb100%\u00bb max_width=\u00bbnone\u00bb custom_padding=\u00bb0px||0px||true|false\u00bb][et_pb_column type=\u00bb4_4&#8243; _builder_version=\u00bb4.20.0&#8243; custom_padding=\u00bb8%|8%|8%|8%|true|true\u00bb][et_pb_text _builder_version=\u00bb4.20.0&#8243; header_2_font=\u00bbMerriweather|700|||||||\u00bb header_2_text_color=\u00bb#FFFFFF\u00bb header_2_font_size=\u00bb48px\u00bb header_2_line_height=\u00bb1.2em\u00bb custom_margin=\u00bb||10px||false|false\u00bb header_2_font_size_tablet=\u00bb32px\u00bb header_2_font_size_phone=\u00bb20px\u00bb header_2_font_size_last_edited=\u00bbon|desktop\u00bb]<\/p>\n<h2>Mi Camino<\/h2>\n<p>[\/et_pb_text][et_pb_text _builder_version=\u00bb4.4.2&#8243; text_text_color=\u00bb#FFFFFF\u00bb text_font_size=\u00bb16px\u00bb text_line_height=\u00bb1.8em\u00bb link_font=\u00bb|700|||||||\u00bb link_text_color=\u00bb#9c9b8a\u00bb text_font_size_tablet=\u00bb15px\u00bb text_font_size_phone=\u00bb14px\u00bb text_font_size_last_edited=\u00bbon|desktop\u00bb]<\/p>\n<p>Desde siempre me han gustado las actividades creativas, sabia que tenia que dedicarme a algo en lo que pudiese imaginar y so\u00f1ar. Empec\u00e9 estudiando dise\u00f1o de moda, y aunque no fue lo m\u00edo, me ayud\u00f3 a encontrar mi verdadero camino: el marketing y el dise\u00f1o. As\u00ed que estudi\u00e9 una doble titulaci\u00f3n, <strong><span style=\"color: #442854;\">Publicidad y<\/span> <span style=\"color: #442854;\">Dise\u00f1o Gr\u00e1fico + Marketing Management<\/span>.<\/strong> \u00bfPero sabes qu\u00e9? Casi todos mis proyectos ten\u00edan una tem\u00e1tica: <span style=\"color: #442854;\"><strong>La gastronom\u00eda<\/strong>.<\/span> Y por ello me especialic\u00e9 en <span style=\"color: #442854;\"><strong>gastromarketing, food design y gesti\u00f3n de restaurantes<\/strong> <\/span>(si lo s\u00e9, \u00a1suena super americano!).<span class=\"Apple-converted-space\">\u00a0<\/span><\/p>\n<p>Una vez en el mundillo gastr\u00f3nomico, me di cuenta de lo importante que es conocer el valor nutricional de cada producto, de la importancia de una dieta saludable y de que una buena cocina va unida a una buena alimentaci\u00f3n,<span style=\"color: #442854;\"> <strong>as\u00ed que decid\u00ed estudiar Nutrici\u00f3n<\/strong><\/span> para poder aplicar todos esos nuevos conocimientos a mis recetas y asesor\u00edas.<span class=\"Apple-converted-space\">\u00a0<\/span><span style=\"font-size: 16px;\">\u00a0<\/span><\/p>\n<p>Pero este es un mundo en constante cambio, vivimos en el mundo digital, y hay que estar cada d\u00eda aprendiendo, as\u00ed que para complementar mis asesor\u00edas y conocimiento <span style=\"color: #442854;\"><strong>amplio mi formaci\u00f3n cada d\u00eda en especialista de social media.<\/strong><\/span> Y digo cada d\u00eda, porque esto es as\u00ed, una formaci\u00f3n continua (que sigo con los mejores profesores desde USA), para poder estar al d\u00eda de todos los cambios y tendencias de las redes, sobretodo Instagram y TiK Tok \ud83d\ude42<span class=\"Apple-converted-space\">\u00a0<\/span><\/p>\n<p>[\/et_pb_text][\/et_pb_column][\/et_pb_row][\/et_pb_section][et_pb_section fb_built=\u00bb1&#8243; prev_background_color=\u00bb#b393c4&#8243; admin_label=\u00bbServices\u00bb _builder_version=\u00bb4.4.2&#8243; background_color=\u00bbgcid-c0d903dc-93ac-4ecc-8236-73ef6305c15d\u00bb top_divider_style=\u00bbarrow2&#8243; top_divider_height=\u00bb44px\u00bb locked=\u00bboff\u00bb collapsed=\u00bbon\u00bb][et_pb_row column_structure=\u00bb1_4,1_4,1_4,1_4&#8243; use_custom_gutter=\u00bbon\u00bb gutter_width=\u00bb2&#8243; make_equal=\u00bbon\u00bb custom_padding_last_edited=\u00bbon|tablet\u00bb _builder_version=\u00bb4.4.2&#8243; custom_padding_tablet=\u00bb||0px||false|false\u00bb custom_padding_phone=\u00bb||0px||false|false\u00bb locked=\u00bboff\u00bb][et_pb_column type=\u00bb1_4&#8243; _builder_version=\u00bb4.20.0&#8243; background_color=\u00bb#FFFFFF\u00bb custom_padding=\u00bb40px|20px|40px|20px|true|true\u00bb custom_padding_tablet=\u00bb30px|30px|30px|30px|true|true\u00bb custom_padding_phone=\u00bb20px|20px|20px|20px|true|true\u00bb custom_padding_last_edited=\u00bbon|desktop\u00bb custom_padding__hover=\u00bb30px||50px||false|true\u00bb custom_padding__hover_enabled=\u00bbon|desktop\u00bb][et_pb_blurb title=\u00bbPublicidad y Dise\u00f1o Gr\u00e1fico + Marketing Management\u00bb image=\u00bbhttp:\/\/kukuracook.com\/wp-content\/uploads\/2023\/05\/dibujo.png\u00bb image_max_width=\u00bb69%\u00bb content_max_width=\u00bb100%\u00bb _builder_version=\u00bb4.4.2&#8243; header_font=\u00bbInter|700|||||||\u00bb header_text_color=\u00bb#5e5e4e\u00bb header_font_size=\u00bb17px\u00bb header_line_height=\u00bb1.4em\u00bb body_line_height=\u00bb1.6em\u00bb text_orientation=\u00bbcenter\u00bb animation=\u00bboff\u00bb header_font_size_tablet=\u00bb16px\u00bb header_font_size_phone=\u00bb14px\u00bb header_font_size_last_edited=\u00bbon|desktop\u00bb locked=\u00bboff\u00bb body_text_color__hover=\u00bb#666666&#8243; body_text_color__hover_enabled=\u00bboff|desktop\u00bb]<\/p>\n<p>Gracias a ello puedo analizar mercados y dinse\u00f1ar estrategias, tanto a nivel conceptual como art\u00edstico<\/p>\n<p>[\/et_pb_blurb][\/et_pb_column][et_pb_column type=\u00bb1_4&#8243; _builder_version=\u00bb4.20.0&#8243; background_color=\u00bb#FFFFFF\u00bb custom_padding=\u00bb40px|20px|40px|20px|true|true\u00bb custom_padding_tablet=\u00bb30px|30px|30px|30px|true|true\u00bb custom_padding_phone=\u00bb20px|20px|20px|20px|true|true\u00bb custom_padding_last_edited=\u00bbon|desktop\u00bb custom_padding__hover=\u00bb30px||50px||false|true\u00bb custom_padding__hover_enabled=\u00bbon|desktop\u00bb][et_pb_blurb title=\u00bbGastromarketing, food design, gesti\u00f3n de restaurantes\u00bb image=\u00bbhttp:\/\/kukuracook.com\/wp-content\/uploads\/2023\/05\/magdalena-2.png\u00bb image_max_width=\u00bb69%\u00bb content_max_width=\u00bb100%\u00bb _builder_version=\u00bb4.4.2&#8243; header_font=\u00bbInter|700|||||||\u00bb header_text_color=\u00bb#5e5e4e\u00bb header_font_size=\u00bb17px\u00bb header_line_height=\u00bb1.4em\u00bb body_line_height=\u00bb1.6em\u00bb text_orientation=\u00bbcenter\u00bb animation=\u00bboff\u00bb header_font_size_tablet=\u00bb16px\u00bb header_font_size_phone=\u00bb14px\u00bb header_font_size_last_edited=\u00bbon|desktop\u00bb locked=\u00bboff\u00bb body_text_color__hover=\u00bb#666666&#8243; body_text_color__hover_enabled=\u00bboff|desktop\u00bb]<\/p>\n<p>La especilizaci\u00f3n en lo que m\u00e1s me gusta, los secretos del mundillo y aprendizaje de la cocina y su entorno<\/p>\n<p>[\/et_pb_blurb][\/et_pb_column][et_pb_column type=\u00bb1_4&#8243; _builder_version=\u00bb4.20.0&#8243; background_color=\u00bb#FFFFFF\u00bb custom_padding=\u00bb40px|20px|40px|20px|true|true\u00bb custom_padding_tablet=\u00bb30px|30px|30px|30px|true|true\u00bb custom_padding_phone=\u00bb20px|20px|20px|20px|true|true\u00bb custom_padding_last_edited=\u00bbon|desktop\u00bb custom_padding__hover=\u00bb30px||50px||false|true\u00bb custom_padding__hover_enabled=\u00bbon|desktop\u00bb][et_pb_blurb title=\u00bbNutrici\u00f3n\u00bb image=\u00bbhttp:\/\/kukuracook.com\/wp-content\/uploads\/2023\/05\/manzana.png\u00bb image_max_width=\u00bb70%\u00bb content_max_width=\u00bb100%\u00bb _builder_version=\u00bb4.4.2&#8243; header_font=\u00bbInter|700|||||||\u00bb header_text_color=\u00bb#5e5e4e\u00bb header_font_size=\u00bb17px\u00bb header_line_height=\u00bb1.4em\u00bb body_line_height=\u00bb1.6em\u00bb text_orientation=\u00bbcenter\u00bb animation=\u00bboff\u00bb header_font_size_tablet=\u00bb16px\u00bb header_font_size_phone=\u00bb14px\u00bb header_font_size_last_edited=\u00bbon|desktop\u00bb locked=\u00bboff\u00bb body_text_color__hover=\u00bb#666666&#8243; body_text_color__hover_enabled=\u00bboff|desktop\u00bb]<\/p>\n<p>La base de uno de mis valores, la vida saludable, el equilibrio de alimentos, el conocimiento de las \u00abtrampas\u00bb del sector, y la posibilidad de crear recetas mejores<\/p>\n<p>[\/et_pb_blurb][\/et_pb_column][et_pb_column type=\u00bb1_4&#8243; _builder_version=\u00bb4.20.0&#8243; background_color=\u00bb#FFFFFF\u00bb custom_padding=\u00bb40px|20px|40px|20px|true|true\u00bb custom_padding_tablet=\u00bb30px|30px|30px|30px|true|true\u00bb custom_padding_phone=\u00bb20px|20px|20px|20px|true|true\u00bb custom_padding_last_edited=\u00bbon|desktop\u00bb custom_padding__hover=\u00bb30px||50px||false|true\u00bb custom_padding__hover_enabled=\u00bbon|desktop\u00bb][et_pb_blurb title=\u00bbSocial Media\u00bb image=\u00bbhttp:\/\/kukuracook.com\/wp-content\/uploads\/2023\/05\/computadora.png\u00bb image_max_width=\u00bb70%\u00bb content_max_width=\u00bb100%\u00bb _builder_version=\u00bb4.4.2&#8243; header_font=\u00bbInter|700|||||||\u00bb header_text_color=\u00bb#5e5e4e\u00bb header_font_size=\u00bb17px\u00bb header_line_height=\u00bb1.4em\u00bb body_line_height=\u00bb1.6em\u00bb text_orientation=\u00bbcenter\u00bb animation=\u00bboff\u00bb header_font_size_tablet=\u00bb16px\u00bb header_font_size_phone=\u00bb14px\u00bb header_font_size_last_edited=\u00bbon|desktop\u00bb locked=\u00bboff\u00bb body_text_color__hover=\u00bb#666666&#8243; body_text_color__hover_enabled=\u00bboff|desktop\u00bb]<\/p>\n<p>\u00bfY que es todo esto sin poderlo mostrar al mundo? Conocer el funcionamiento de los algoritmos, estar al dia de las tendencias y saber aplicarlas es solo una peque\u00f1a parte \ud83d\ude42<\/p>\n<p>[\/et_pb_blurb][\/et_pb_column][\/et_pb_row][et_pb_row _builder_version=\u00bb3.25&#8243;][et_pb_column type=\u00bb4_4&#8243; _builder_version=\u00bb3.25&#8243; custom_padding=\u00bb|||\u00bb custom_padding__hover=\u00bb|||\u00bb][et_pb_text _builder_version=\u00bb4.4.2&#8243; text_font=\u00bb||||||||\u00bb text_text_color=\u00bb#87599f\u00bb header_font=\u00bb||||||||\u00bb header_2_font=\u00bbPlayfair Display|700|||||||\u00bb header_2_text_align=\u00bbcenter\u00bb header_2_text_color=\u00bb#2b2b2b\u00bb header_2_font_size=\u00bb42px\u00bb header_2_line_height=\u00bb1.5em\u00bb text_orientation=\u00bbcenter\u00bb module_alignment=\u00bbcenter\u00bb custom_margin=\u00bb||10px|\u00bb locked=\u00bboff\u00bb]<\/p>\n<h2><span style=\"color: #87599f;\">ALGUNOS DE MIS TRABAJOS<\/span><\/h2>\n<p>[\/et_pb_text][et_pb_divider color=\u00bb#71bcb8&#8243; divider_weight=\u00bb3px\u00bb disabled_on=\u00bbon|on|off\u00bb _builder_version=\u00bb4.4.2&#8243; max_width=\u00bb80px\u00bb module_alignment=\u00bbcenter\u00bb height=\u00bb10px\u00bb custom_margin=\u00bb||20px|\u00bb animation_style=\u00bbslide\u00bb animation_direction=\u00bbbottom\u00bb saved_tabs=\u00bball\u00bb locked=\u00bboff\u00bb][\/et_pb_divider][et_pb_text _builder_version=\u00bb4.4.2&#8243; text_font=\u00bbPoppins||||||||\u00bb text_text_color=\u00bbrgba(0,0,0,0.4)\u00bb text_font_size=\u00bb16px\u00bb text_line_height=\u00bb1.9em\u00bb header_font=\u00bb||||||||\u00bb header_2_font=\u00bb||||||||\u00bb text_orientation=\u00bbcenter\u00bb max_width=\u00bb700px\u00bb module_alignment=\u00bbcenter\u00bb]<\/p>\n<p><span>\u00a1El tiempo pasa volando y llevo en este trabajo ya muchos a\u00f1os! Estas son algunas de las cosas en las que he trabajado, pero si quieres saber m\u00e1s, puedes ojear <\/span><span>mi \u00a0portfolio \ud83d\ude42\u00a0<\/span><\/p>\n<p>[\/et_pb_text][\/et_pb_column][\/et_pb_row][et_pb_row column_structure=\u00bb1_4,1_4,1_4,1_4&#8243; use_custom_gutter=\u00bbon\u00bb gutter_width=\u00bb2&#8243; _builder_version=\u00bb3.25&#8243;][et_pb_column type=\u00bb1_4&#8243; _builder_version=\u00bb3.25&#8243; custom_padding=\u00bb|||\u00bb custom_padding__hover=\u00bb|||\u00bb][et_pb_image src=\u00bbhttp:\/\/kukuracook.com\/wp-content\/uploads\/2023\/05\/Captura-de-Pantalla-2023-05-24-a-las-14.54.45-e1684933002317.png\u00bb url=\u00bb#\u00bb align_tablet=\u00bbcenter\u00bb align_phone=\u00bb\u00bb align_last_edited=\u00bbon|desktop\u00bb _builder_version=\u00bb4.4.2&#8243; animation_style=\u00bbfade\u00bb][\/et_pb_image][et_pb_text _builder_version=\u00bb4.4.2&#8243; text_font=\u00bbPoppins||||||||\u00bb text_text_color=\u00bb#2b2b2b\u00bb text_line_height=\u00bb1.3em\u00bb]<\/p>\n<p>Food Designer- Catering Food And Mambo para Mobile World Congress 2016<\/p>\n<p>[\/et_pb_text][\/et_pb_column][et_pb_column type=\u00bb1_4&#8243; _builder_version=\u00bb3.25&#8243; custom_padding=\u00bb|||\u00bb custom_padding__hover=\u00bb|||\u00bb][et_pb_image src=\u00bbhttp:\/\/kukuracook.com\/wp-content\/uploads\/2023\/05\/IMG-20171102-WA0005-e1684933297993.jpg\u00bb url=\u00bb#\u00bb align_tablet=\u00bbcenter\u00bb align_phone=\u00bb\u00bb align_last_edited=\u00bbon|desktop\u00bb _builder_version=\u00bb4.4.2&#8243; animation_style=\u00bbfade\u00bb animation_delay=\u00bb100ms\u00bb][\/et_pb_image][et_pb_text _builder_version=\u00bb4.4.2&#8243; text_font=\u00bbPoppins||||||||\u00bb text_text_color=\u00bb#2b2b2b\u00bb text_line_height=\u00bb1.3em\u00bb]<\/p>\n<p>Junior Food Designer &#8211; Dos Cielos, Hermanos Torres, Michelin Star Barcelona<\/p>\n<p>[\/et_pb_text][\/et_pb_column][et_pb_column type=\u00bb1_4&#8243; _builder_version=\u00bb3.25&#8243; custom_padding=\u00bb|||\u00bb custom_padding__hover=\u00bb|||\u00bb][et_pb_image src=\u00bbhttp:\/\/kukuracook.com\/wp-content\/uploads\/2023\/05\/IMG-20180619-WA0006-e1684934365620.jpg\u00bb url=\u00bb#\u00bb align_tablet=\u00bbcenter\u00bb align_phone=\u00bb\u00bb align_last_edited=\u00bbon|desktop\u00bb _builder_version=\u00bb4.4.2&#8243; use_background_color_gradient=\u00bbon\u00bb background_color_gradient_start=\u00bb#ff6a88&#8243; background_color_gradient_end=\u00bb#ff99ac\u00bb background_color_gradient_direction=\u00bb9deg\u00bb animation_style=\u00bbfade\u00bb animation_delay=\u00bb200ms\u00bb][\/et_pb_image][et_pb_text _builder_version=\u00bb4.4.2&#8243; text_font=\u00bbPoppins||||||||\u00bb text_text_color=\u00bb#2b2b2b\u00bb text_line_height=\u00bb1.3em\u00bb]<\/p>\n<p>Food Design Manager &#8211; Directora de Gastronomia de los Hoteles Plaza Andorra (4 en total) 2017-2019\u00a0<\/p>\n<p>[\/et_pb_text][\/et_pb_column][et_pb_column type=\u00bb1_4&#8243; _builder_version=\u00bb3.25&#8243; custom_padding=\u00bb|||\u00bb custom_padding__hover=\u00bb|||\u00bb][et_pb_image src=\u00bbhttp:\/\/kukuracook.com\/wp-content\/uploads\/2023\/05\/yo800-2-e1684934806738.png\u00bb url=\u00bb#\u00bb align_tablet=\u00bbcenter\u00bb align_phone=\u00bb\u00bb align_last_edited=\u00bbon|desktop\u00bb _builder_version=\u00bb4.4.2&#8243; animation_style=\u00bbfade\u00bb animation_delay=\u00bb300ms\u00bb][\/et_pb_image][et_pb_text _builder_version=\u00bb4.4.2&#8243; text_font=\u00bbPoppins||||||||\u00bb text_text_color=\u00bb#2b2b2b\u00bb text_line_height=\u00bb1.3em\u00bb]<\/p>\n<p>M&amp;K Gastromarketing- Mi propia empresa de asesoria gastron\u00f3mica \u00a1con un monton de proyectos!<\/p>\n<p>[\/et_pb_text][\/et_pb_column][\/et_pb_row][\/et_pb_section][et_pb_section fb_built=\u00bb1&#8243; admin_label=\u00bbFooter\u00bb _builder_version=\u00bb4.5.1&#8243; background_color=\u00bb#f4fafa\u00bb top_divider_style=\u00bbramp\u00bb top_divider_color=\u00bb#ffffff\u00bb top_divider_height=\u00bb80%\u00bb top_divider_flip=\u00bbvertical\u00bb locked=\u00bboff\u00bb][\/et_pb_section]<\/p>\n","protected":false},"excerpt":{"rendered":"<p>\u00a1Hola! Soy Lorena\u00a1Aloha foodies! Te preguntar\u00e1s quien hay detr\u00e1s de Kukura y porqu\u00e9 estoy en Cinco Olivas, as\u00ed que voy a contarte un poco sobre mi.\u00a0 Lo primero presentarme, Soy Lorena Palacios Garc\u00eda, \u00a1una milenial apasionada de la comida y todo lo que la rodea! Nac\u00ed en el peque\u00f1o pa\u00eds de Andorra, de madre Barcelonesa [&hellip;]<\/p>\n","protected":false},"author":1,"featured_media":0,"parent":0,"menu_order":0,"comment_status":"closed","ping_status":"closed","template":"","meta":{"_et_pb_use_builder":"on","_et_pb_old_content":"","_et_gb_content_width":"","om_disable_all_campaigns":false,"_monsterinsights_skip_tracking":false,"_monsterinsights_sitenote_active":false,"_monsterinsights_sitenote_note":"","_monsterinsights_sitenote_category":0,"_joinchat":[],"footnotes":""},"class_list":["post-409","page","type-page","status-publish","hentry"],"aioseo_notices":[],"_links":{"self":[{"href":"https:\/\/kukuracook.com\/index.php\/wp-json\/wp\/v2\/pages\/409","targetHints":{"allow":["GET"]}}],"collection":[{"href":"https:\/\/kukuracook.com\/index.php\/wp-json\/wp\/v2\/pages"}],"about":[{"href":"https:\/\/kukuracook.com\/index.php\/wp-json\/wp\/v2\/types\/page"}],"author":[{"embeddable":true,"href":"https:\/\/kukuracook.com\/index.php\/wp-json\/wp\/v2\/users\/1"}],"replies":[{"embeddable":true,"href":"https:\/\/kukuracook.com\/index.php\/wp-json\/wp\/v2\/comments?post=409"}],"version-history":[{"count":27,"href":"https:\/\/kukuracook.com\/index.php\/wp-json\/wp\/v2\/pages\/409\/revisions"}],"predecessor-version":[{"id":497,"href":"https:\/\/kukuracook.com\/index.php\/wp-json\/wp\/v2\/pages\/409\/revisions\/497"}],"wp:attachment":[{"href":"https:\/\/kukuracook.com\/index.php\/wp-json\/wp\/v2\/media?parent=409"}],"curies":[{"name":"wp","href":"https:\/\/api.w.org\/{rel}","templated":true}]}}