{"id":401,"date":"2023-04-18T15:18:41","date_gmt":"2023-04-18T15:18:41","guid":{"rendered":"http:\/\/kukuracook.com\/?page_id=401"},"modified":"2024-12-11T22:07:57","modified_gmt":"2024-12-11T22:07:57","slug":"ingredientes","status":"publish","type":"page","link":"https:\/\/kukuracook.com\/index.php\/ingredientes\/","title":{"rendered":"Ingredientes"},"content":{"rendered":"<p>[et_pb_section fb_built=\u00bb1&#8243; fullwidth=\u00bbon\u00bb next_background_color=\u00bb#fcfaf7&#8243; admin_label=\u00bbHeader Section\u00bb _builder_version=\u00bb4.4.2&#8243; background_color=\u00bb#dadde2&#8243; bottom_divider_style=\u00bbwave\u00bb bottom_divider_height=\u00bb75px\u00bb bottom_divider_flip=\u00bbvertical\u00bb][et_pb_fullwidth_header text_orientation=\u00bbcenter\u00bb _builder_version=\u00bb4.4.2&#8243; title_font=\u00bbOswald|500||on|||||\u00bb title_text_color=\u00bb#ffffff\u00bb title_font_size=\u00bb6vw\u00bb title_letter_spacing=\u00bb15px\u00bb title_line_height=\u00bb1.4em\u00bb content_font=\u00bb||||||||\u00bb subhead_font=\u00bbOswald|||on|||||\u00bb subhead_text_color=\u00bbrgba(12,12,12,0.2)\u00bb subhead_font_size=\u00bb24px\u00bb subhead_letter_spacing=\u00bb15px\u00bb subhead_line_height=\u00bb1.4em\u00bb background_color=\u00bbrgba(255, 255, 255, 0)\u00bb background_image=\u00bbhttp:\/\/kukuracook.com\/wp-content\/uploads\/2023\/02\/pasteleriasaludable-scaled.jpg\u00bb background_position=\u00bbcenter_left\u00bb custom_margin=\u00bb-26px||||false|false\u00bb custom_padding=\u00bb10%||1.3%|||\u00bb animation_style=\u00bbzoom\u00bb animation_direction=\u00bbbottom\u00bb animation_intensity_zoom=\u00bb8%\u00bb title_text_shadow_style=\u00bbpreset1&#8243; title_text_shadow_blur_strength=\u00bb0.25em\u00bb title_text_shadow_color=\u00bbrgba(12,12,12,0.15)\u00bb button_one_text_size__hover_enabled=\u00bboff\u00bb button_two_text_size__hover_enabled=\u00bboff\u00bb button_one_text_color__hover_enabled=\u00bboff\u00bb button_two_text_color__hover_enabled=\u00bboff\u00bb button_one_border_width__hover_enabled=\u00bboff\u00bb button_two_border_width__hover_enabled=\u00bboff\u00bb button_one_border_color__hover_enabled=\u00bboff\u00bb button_two_border_color__hover_enabled=\u00bboff\u00bb button_one_border_radius__hover_enabled=\u00bboff\u00bb button_two_border_radius__hover_enabled=\u00bboff\u00bb button_one_letter_spacing__hover_enabled=\u00bboff\u00bb button_two_letter_spacing__hover_enabled=\u00bboff\u00bb button_one_bg_color__hover_enabled=\u00bboff\u00bb button_two_bg_color__hover_enabled=\u00bboff\u00bb][\/et_pb_fullwidth_header][\/et_pb_section][et_pb_section fb_built=\u00bb1&#8243; admin_label=\u00bbRecipes\u00bb _builder_version=\u00bb3.22&#8243; background_color=\u00bb#fcfaf7&#8243; background_enable_image=\u00bboff\u00bb background_size=\u00bbinitial\u00bb background_position=\u00bbtop_center\u00bb custom_padding=\u00bb36px||218px|||\u00bb][et_pb_row _builder_version=\u00bb4.4.2&#8243; custom_margin=\u00bb|||\u00bb custom_padding=\u00bb||0px|||\u00bb][et_pb_column type=\u00bb4_4&#8243; _builder_version=\u00bb3.25&#8243; custom_padding=\u00bb|||\u00bb custom_padding__hover=\u00bb|||\u00bb][et_pb_text admin_label=\u00bbTitle\u00bb _builder_version=\u00bb4.4.2&#8243; text_font=\u00bb||||||||\u00bb header_font=\u00bb||||||||\u00bb header_2_font=\u00bbCormorant Garamond|500|||||||\u00bb header_2_text_color=\u00bb#1e1e1e\u00bb header_2_font_size=\u00bb36px\u00bb text_orientation=\u00bbcenter\u00bb custom_margin=\u00bb||15px|\u00bb animation_style=\u00bbfade\u00bb]<\/p>\n<h2>Ingredientes Cookies cl\u00e1sicas<\/h2>\n<p>[\/et_pb_text][et_pb_divider color=\u00bb#cccccc\u00bb divider_weight=\u00bb2px\u00bb _builder_version=\u00bb3.2&#8243; max_width=\u00bb80px\u00bb max_width_tablet=\u00bb100px\u00bb max_width_phone=\u00bb100px\u00bb max_width_last_edited=\u00bboff|desktop\u00bb module_alignment=\u00bbcenter\u00bb animation_style=\u00bbfade\u00bb][\/et_pb_divider][\/et_pb_column][\/et_pb_row][et_pb_row column_structure=\u00bb1_3,1_3,1_3&#8243; _builder_version=\u00bb4.4.2&#8243;][et_pb_column type=\u00bb1_3&#8243; _builder_version=\u00bb3.25&#8243; custom_padding=\u00bb|||\u00bb custom_padding__hover=\u00bb|||\u00bb][et_pb_blurb title=\u00bbCookies chips de chocolate negro 72%\u00bb image=\u00bbhttp:\/\/kukuracook.com\/wp-content\/uploads\/2023\/04\/WhatsApp-Image-2023-04-03-at-12.47.39-e1680534002942.jpeg\u00bb image_max_width=\u00bb78%\u00bb _builder_version=\u00bb4.4.2&#8243; header_level=\u00bbh3&#8243; header_font=\u00bbAbhaya Libre||||||||\u00bb header_font_size=\u00bb22px\u00bb body_font=\u00bbMontserrat|500|||||||\u00bb body_line_height=\u00bb1.4em\u00bb text_orientation=\u00bbcenter\u00bb animation_style=\u00bbfade\u00bb hover_enabled=\u00bb0&#8243;]<\/p>\n<p><strong>Ingredientes:<\/strong> Mantequilla, Harina de avena integral, Harina de Trigo Integral, Chips de chocolate negro del 72%, Huevo, Az\u00facar Moreno de Ca\u00f1a Integral, Vainilla, Bicarbonato.<\/p>\n<p><strong>Al\u00e9rgenos<\/strong>: Gluten, Bajo contenido en lactosa, Huevo<\/p>\n<p>[\/et_pb_blurb][\/et_pb_column][et_pb_column type=\u00bb1_3&#8243; _builder_version=\u00bb3.25&#8243; custom_padding=\u00bb|||\u00bb custom_padding__hover=\u00bb|||\u00bb][et_pb_blurb title=\u00bbCookies Nut &#038; Spices\u00bb url=\u00bb@ET-DC@eyJkeW5hbWljIjp0cnVlLCJjb250ZW50IjoicG9zdF9saW5rX3VybF9wYWdlIiwic2V0dGluZ3MiOnsicG9zdF9pZCI6IjI5OSJ9fQ==@\u00bb image=\u00bbhttp:\/\/kukuracook.com\/wp-content\/uploads\/2023\/04\/WhatsApp-Image-2023-04-03-at-17.02.43-e1680534246523.jpeg\u00bb image_max_width=\u00bb78%\u00bb _builder_version=\u00bb4.4.2&#8243; _dynamic_attributes=\u00bburl\u00bb header_level=\u00bbh3&#8243; header_font=\u00bbAbhaya Libre||||||||\u00bb header_font_size=\u00bb22px\u00bb body_font=\u00bbMontserrat|500|||||||\u00bb body_line_height=\u00bb1.4em\u00bb text_orientation=\u00bbcenter\u00bb animation_style=\u00bbfade\u00bb]<\/p>\n<p><strong>Ingredientes:<\/strong> Mantequilla, Harina de avena integral, Harina de Trigo Integral, Huevo, Az\u00facar Moreno de Ca\u00f1a Integral, Nueces, Pumpkin Spice, Vainilla, Bicarbonato.<\/p>\n<p><strong>Al\u00e9rgenos<\/strong>: Gluten, Bajo contenido en lactosa, Frutos de c\u00e1scara, Huevo<\/p>\n<p>[\/et_pb_blurb][\/et_pb_column][et_pb_column type=\u00bb1_3&#8243; _builder_version=\u00bb3.25&#8243; custom_padding=\u00bb|||\u00bb custom_padding__hover=\u00bb|||\u00bb][et_pb_blurb title=\u00bbCookies doble chocolate\u00bb url=\u00bb@ET-DC@eyJkeW5hbWljIjp0cnVlLCJjb250ZW50IjoicG9zdF9saW5rX3VybF9wYWdlIiwic2V0dGluZ3MiOnsicG9zdF9pZCI6IjI5OSJ9fQ==@\u00bb image=\u00bbhttp:\/\/kukuracook.com\/wp-content\/uploads\/2023\/04\/WhatsApp-Image-2023-04-03-at-12.47.36-e1680519019746.jpeg\u00bb image_max_width=\u00bb78%\u00bb _builder_version=\u00bb4.4.2&#8243; _dynamic_attributes=\u00bburl\u00bb header_level=\u00bbh3&#8243; header_font=\u00bbAbhaya Libre||||||||\u00bb header_font_size=\u00bb22px\u00bb body_font=\u00bbMontserrat|500|||||||\u00bb body_line_height=\u00bb1.4em\u00bb text_orientation=\u00bbcenter\u00bb animation_style=\u00bbfade\u00bb]<\/p>\n<p><strong>Ingredientes:<\/strong> Mantequilla, Harina de avena integral, Harina de Trigo Integral, Chips de chocolate negro del 72%, Chips de chocolate blanco, Huevo, Az\u00facar Moreno de Ca\u00f1a Integral, \u00a0Vainilla, Bicarbonato.<\/p>\n<p><strong>Al\u00e9rgenos<\/strong>: Gluten, Lactosa, Soja, Huevo<\/p>\n<p>[\/et_pb_blurb][\/et_pb_column][\/et_pb_row][et_pb_row column_structure=\u00bb1_3,1_3,1_3&#8243; _builder_version=\u00bb4.4.2&#8243;][et_pb_column type=\u00bb1_3&#8243; _builder_version=\u00bb3.25&#8243; custom_padding=\u00bb|||\u00bb custom_padding__hover=\u00bb|||\u00bb][et_pb_blurb title=\u00bbCookies bomba de chocolate negro\u00bb image=\u00bbhttp:\/\/kukuracook.com\/wp-content\/uploads\/2024\/11\/WhatsApp-Image-2024-11-14-at-19.35.54-2-e1731609726568.jpeg\u00bb image_max_width=\u00bb78%\u00bb _builder_version=\u00bb4.4.2&#8243; header_level=\u00bbh3&#8243; header_font=\u00bbAbhaya Libre||||||||\u00bb header_font_size=\u00bb22px\u00bb body_font=\u00bbMontserrat|500|||||||\u00bb body_line_height=\u00bb1.4em\u00bb text_orientation=\u00bbcenter\u00bb animation_style=\u00bbfade\u00bb hover_enabled=\u00bb0&#8243;]<\/p>\n<p><strong>Ingredientes:<\/strong> Mantequilla, Harina de avena integral, Harina de Trigo Integral, Cacao Puro,Chips de chocolate negro del 72%, Huevo, Az\u00facar Moreno de Ca\u00f1a Integral, Vainilla, Bicarbonato.<\/p>\n<p><strong>Al\u00e9rgenos<\/strong>: Gluten, Bajo contenido en lactosa, Huevo<\/p>\n<p>[\/et_pb_blurb][\/et_pb_column][et_pb_column type=\u00bb1_3&#8243; _builder_version=\u00bb3.25&#8243; custom_padding=\u00bb|||\u00bb custom_padding__hover=\u00bb|||\u00bb][\/et_pb_column][et_pb_column type=\u00bb1_3&#8243; _builder_version=\u00bb3.25&#8243; custom_padding=\u00bb|||\u00bb custom_padding__hover=\u00bb|||\u00bb][\/et_pb_column][\/et_pb_row][et_pb_row column_structure=\u00bb1_3,1_3,1_3&#8243; _builder_version=\u00bb4.4.2&#8243; disabled_on=\u00bbon|on|on\u00bb disabled=\u00bbon\u00bb][et_pb_column type=\u00bb1_3&#8243; _builder_version=\u00bb3.25&#8243; custom_padding=\u00bb|||\u00bb custom_padding__hover=\u00bb|||\u00bb][et_pb_blurb title=\u00bbCookies de pepitas de chocolate blanco\u00bb url=\u00bb@ET-DC@eyJkeW5hbWljIjp0cnVlLCJjb250ZW50IjoicG9zdF9saW5rX3VybF9wYWdlIiwic2V0dGluZ3MiOnsicG9zdF9pZCI6IjI5OSJ9fQ==@\u00bb image=\u00bbhttp:\/\/kukuracook.com\/wp-content\/uploads\/2023\/04\/WhatsApp-Image-2023-04-03-at-12.47.36-e1680519019746.jpeg\u00bb image_max_width=\u00bb78%\u00bb _builder_version=\u00bb4.4.2&#8243; _dynamic_attributes=\u00bburl\u00bb header_level=\u00bbh3&#8243; header_font=\u00bbAbhaya Libre||||||||\u00bb header_font_size=\u00bb22px\u00bb body_font=\u00bbMontserrat|500|||||||\u00bb body_line_height=\u00bb1.4em\u00bb text_orientation=\u00bbcenter\u00bb animation_style=\u00bbfade\u00bb]<\/p>\n<p><strong>Ingredientes:<\/strong> Mantequilla, Harina de avena integral, Harina de Trigo Integral, Chips de chocolate blanco, Huevo, Az\u00facar Moreno de Ca\u00f1a Integral, \u00a0Vainilla, Bicarbonato.<\/p>\n<p><strong>Al\u00e9rgenos<\/strong>: Gluten, Lactosa, Soja, Huevo<\/p>\n<p>[\/et_pb_blurb][\/et_pb_column][et_pb_column type=\u00bb1_3&#8243; _builder_version=\u00bb3.25&#8243; custom_padding=\u00bb|||\u00bb custom_padding__hover=\u00bb|||\u00bb][et_pb_blurb title=\u00bbCookies de pumpkin spice (especias de oto\u00f1o)\u00bb url=\u00bb@ET-DC@eyJkeW5hbWljIjp0cnVlLCJjb250ZW50IjoicG9zdF9saW5rX3VybF9wYWdlIiwic2V0dGluZ3MiOnsicG9zdF9pZCI6IjI5OSJ9fQ==@\u00bb image=\u00bbhttp:\/\/kukuracook.com\/wp-content\/uploads\/2023\/04\/WhatsApp-Image-2023-04-03-at-17.02.43-e1680534246523.jpeg\u00bb image_max_width=\u00bb78%\u00bb _builder_version=\u00bb4.4.2&#8243; _dynamic_attributes=\u00bburl\u00bb header_level=\u00bbh3&#8243; header_font=\u00bbAbhaya Libre||||||||\u00bb header_font_size=\u00bb22px\u00bb body_font=\u00bbMontserrat|500|||||||\u00bb body_line_height=\u00bb1.4em\u00bb text_orientation=\u00bbcenter\u00bb animation_style=\u00bbfade\u00bb hover_enabled=\u00bb0&#8243;]<\/p>\n<p><strong>Ingredientes:<\/strong> Mantequilla, Harina de avena integral, Harina de Trigo Integral, Huevo, Az\u00facar Moreno de Ca\u00f1a Integral, Pumpkin Spice, Vainilla, Bicarbonato.<\/p>\n<p><strong>Al\u00e9rgenos<\/strong>: Gluten, Bajo contenido en lactosa, Huevo<\/p>\n<p>[\/et_pb_blurb][\/et_pb_column][et_pb_column type=\u00bb1_3&#8243; _builder_version=\u00bb3.25&#8243; custom_padding=\u00bb|||\u00bb custom_padding__hover=\u00bb|||\u00bb][\/et_pb_column][\/et_pb_row][et_pb_row _builder_version=\u00bb4.4.2&#8243; custom_margin=\u00bb|||\u00bb custom_padding=\u00bb||0px|||\u00bb hover_enabled=\u00bb0&#8243; disabled_on=\u00bbon|on|on\u00bb disabled=\u00bbon\u00bb][et_pb_column type=\u00bb4_4&#8243; _builder_version=\u00bb3.25&#8243; custom_padding=\u00bb|||\u00bb custom_padding__hover=\u00bb|||\u00bb][et_pb_text admin_label=\u00bbTitle\u00bb _builder_version=\u00bb4.4.2&#8243; text_font=\u00bb||||||||\u00bb header_font=\u00bb||||||||\u00bb header_2_font=\u00bbCormorant Garamond|500|||||||\u00bb header_2_text_color=\u00bb#1e1e1e\u00bb header_2_font_size=\u00bb36px\u00bb text_orientation=\u00bbcenter\u00bb custom_margin=\u00bb||15px|\u00bb animation_style=\u00bbfade\u00bb]<\/p>\n<h2>Ingredientes Cookies Trendy<\/h2>\n<p>[\/et_pb_text][et_pb_divider color=\u00bb#cccccc\u00bb divider_weight=\u00bb2px\u00bb _builder_version=\u00bb3.2&#8243; max_width=\u00bb80px\u00bb max_width_tablet=\u00bb100px\u00bb max_width_phone=\u00bb100px\u00bb max_width_last_edited=\u00bboff|desktop\u00bb module_alignment=\u00bbcenter\u00bb animation_style=\u00bbfade\u00bb][\/et_pb_divider][\/et_pb_column][\/et_pb_row][et_pb_row column_structure=\u00bb1_3,1_3,1_3&#8243; _builder_version=\u00bb4.4.2&#8243; hover_enabled=\u00bb0&#8243; disabled_on=\u00bbon|on|on\u00bb disabled=\u00bbon\u00bb][et_pb_column type=\u00bb1_3&#8243; _builder_version=\u00bb3.25&#8243; custom_padding=\u00bb|||\u00bb custom_padding__hover=\u00bb|||\u00bb][et_pb_blurb title=\u00bbCookie xxl estilo NY &#8211; pepitas de chocolate negro\u00bb image=\u00bbhttp:\/\/kukuracook.com\/wp-content\/uploads\/2023\/04\/WhatsApp-Image-2023-04-03-at-12.47.38-e1680519331712.jpeg\u00bb image_max_width=\u00bb78%\u00bb _builder_version=\u00bb4.4.2&#8243; header_level=\u00bbh3&#8243; header_font=\u00bbAbhaya Libre||||||||\u00bb header_font_size=\u00bb22px\u00bb body_font=\u00bbMontserrat|500|||||||\u00bb body_line_height=\u00bb1.4em\u00bb text_orientation=\u00bbcenter\u00bb animation_style=\u00bbfade\u00bb]<\/p>\n<p><strong>Ingredientes:<\/strong> Mantequilla, Harina de avena integral, Harina de Trigo Integral, Chips de chocolate negro 72%, Huevo, Az\u00facar Moreno de Ca\u00f1a Integral, \u00a0Vainilla, Bicarbonato, Levadura, Sal.<\/p>\n<p><strong>Al\u00e9rgenos<\/strong>: Gluten, Bajo contenido en Lactosa, Huevo<\/p>\n<p>[\/et_pb_blurb][\/et_pb_column][et_pb_column type=\u00bb1_3&#8243; _builder_version=\u00bb3.25&#8243; custom_padding=\u00bb|||\u00bb custom_padding__hover=\u00bb|||\u00bb][et_pb_blurb title=\u00bbCookie xxl estilo NY &#8211; pepitas de chocolate negro y nueces\u00bb url=\u00bb@ET-DC@eyJkeW5hbWljIjp0cnVlLCJjb250ZW50IjoicG9zdF9saW5rX3VybF9wYWdlIiwic2V0dGluZ3MiOnsicG9zdF9pZCI6IjI5OSJ9fQ==@\u00bb image=\u00bbhttp:\/\/kukuracook.com\/wp-content\/uploads\/2023\/04\/WhatsApp-Image-2023-04-03-at-12.47.38-2-e1680531661903.jpeg\u00bb image_max_width=\u00bb78%\u00bb _builder_version=\u00bb4.4.2&#8243; _dynamic_attributes=\u00bburl\u00bb header_level=\u00bbh3&#8243; header_font=\u00bbAbhaya Libre||||||||\u00bb header_font_size=\u00bb22px\u00bb body_font=\u00bbMontserrat|500|||||||\u00bb body_line_height=\u00bb1.4em\u00bb text_orientation=\u00bbcenter\u00bb animation_style=\u00bbfade\u00bb]<\/p>\n<p><strong>Ingredientes:<\/strong> Mantequilla, Harina de avena integral, Harina de Trigo Integral, Chips de chocolate negro 72%, Huevo, Az\u00facar Moreno de Ca\u00f1a Integral, Nueces \u00a0Vainilla, Bicarbonato, Levadura, Sal.<\/p>\n<p><strong>Al\u00e9rgenos<\/strong>: Gluten, Bajo contenido en Lactosa, Huevo, Frutos de c\u00e1scara<\/p>\n<p>[\/et_pb_blurb][\/et_pb_column][et_pb_column type=\u00bb1_3&#8243; _builder_version=\u00bb3.25&#8243; custom_padding=\u00bb|||\u00bb custom_padding__hover=\u00bb|||\u00bb][et_pb_blurb title=\u00bbCookie xxl estilo NY &#8211; pepitas de chocolate negro y blanco\u00bb url=\u00bb@ET-DC@eyJkeW5hbWljIjp0cnVlLCJjb250ZW50IjoicG9zdF9saW5rX3VybF9wYWdlIiwic2V0dGluZ3MiOnsicG9zdF9pZCI6IjI5OSJ9fQ==@\u00bb image=\u00bbhttp:\/\/kukuracook.com\/wp-content\/uploads\/2023\/04\/WhatsApp-Image-2023-04-03-at-12.47.38-1-e1680531633913.jpeg\u00bb image_max_width=\u00bb78%\u00bb _builder_version=\u00bb4.4.2&#8243; _dynamic_attributes=\u00bburl\u00bb header_level=\u00bbh3&#8243; header_font=\u00bbAbhaya Libre||||||||\u00bb header_font_size=\u00bb22px\u00bb body_font=\u00bbMontserrat|500|||||||\u00bb body_line_height=\u00bb1.4em\u00bb text_orientation=\u00bbcenter\u00bb animation_style=\u00bbfade\u00bb]<\/p>\n<p><strong>Ingredientes:<\/strong> Mantequilla, Harina de avena integral, Harina de Trigo Integral, Chips de chocolate negro 72%,Chips de chocolate blanco, Huevo, Az\u00facar Moreno de Ca\u00f1a Integral, Vainilla, Bicarbonato, Levadura, Sal.<\/p>\n<p><strong>Al\u00e9rgenos<\/strong>: Gluten, Lactosa, Huevo, Soja<\/p>\n<p>[\/et_pb_blurb][\/et_pb_column][\/et_pb_row][et_pb_row _builder_version=\u00bb4.4.2&#8243; custom_margin=\u00bb|||\u00bb custom_padding=\u00bb43px||0px|||\u00bb][et_pb_column type=\u00bb4_4&#8243; _builder_version=\u00bb3.25&#8243; custom_padding=\u00bb|||\u00bb custom_padding__hover=\u00bb|||\u00bb][et_pb_text admin_label=\u00bbTitle\u00bb _builder_version=\u00bb4.4.2&#8243; text_font=\u00bb||||||||\u00bb header_font=\u00bb||||||||\u00bb header_2_font=\u00bbCormorant Garamond|500|||||||\u00bb header_2_text_color=\u00bb#1e1e1e\u00bb header_2_font_size=\u00bb36px\u00bb text_orientation=\u00bbcenter\u00bb custom_margin=\u00bb||15px|\u00bb animation_style=\u00bbfade\u00bb]<\/p>\n<h2>Ingredientes Brownie &amp; Blondie<\/h2>\n<p>[\/et_pb_text][et_pb_divider color=\u00bb#cccccc\u00bb divider_weight=\u00bb2px\u00bb _builder_version=\u00bb3.2&#8243; max_width=\u00bb80px\u00bb max_width_tablet=\u00bb100px\u00bb max_width_phone=\u00bb100px\u00bb max_width_last_edited=\u00bboff|desktop\u00bb module_alignment=\u00bbcenter\u00bb animation_style=\u00bbfade\u00bb][\/et_pb_divider][\/et_pb_column][\/et_pb_row][et_pb_row column_structure=\u00bb1_3,1_3,1_3&#8243; _builder_version=\u00bb4.4.2&#8243;][et_pb_column type=\u00bb1_3&#8243; _builder_version=\u00bb3.25&#8243; custom_padding=\u00bb|||\u00bb custom_padding__hover=\u00bb|||\u00bb][et_pb_blurb title=\u00bbBrownie fundente de chocolate negro del 72%\u00bb image=\u00bbhttp:\/\/kukuracook.com\/wp-content\/uploads\/2023\/04\/WhatsApp-Image-2023-04-03-at-20.03.07-e1680545102671.jpeg\u00bb image_max_width=\u00bb78%\u00bb _builder_version=\u00bb4.4.2&#8243; header_level=\u00bbh3&#8243; header_font=\u00bbAbhaya Libre||||||||\u00bb header_font_size=\u00bb20px\u00bb body_font=\u00bbMontserrat|500|||||||\u00bb body_text_color=\u00bb#6b6b6b\u00bb body_line_height=\u00bb1.4em\u00bb text_orientation=\u00bbcenter\u00bb animation_style=\u00bbfade\u00bb]<\/p>\n<p><strong>Ingredientes:<\/strong> Chocolate negro del 72%, Mantequilla, Huevos, Az\u00facar Moreno de Ca\u00f1a,\u00a0Cacao Puro, Harina de Avena, Nueces (si se escogen*), Vainilla, Sal<\/p>\n<p><strong>Al\u00e9rgenos<\/strong>: Bajo contenido en lactosa, Huevos, Frutos de c\u00e1scara*<\/p>\n<p>[\/et_pb_blurb][\/et_pb_column][et_pb_column type=\u00bb1_3&#8243; _builder_version=\u00bb3.25&#8243; custom_padding=\u00bb|||\u00bb custom_padding__hover=\u00bb|||\u00bb][et_pb_blurb title=\u00bbBlondie fundente de calabaza con pepitas de chocolate negro del 72%\u00bb url=\u00bb@ET-DC@eyJkeW5hbWljIjp0cnVlLCJjb250ZW50IjoicG9zdF9saW5rX3VybF9wYWdlIiwic2V0dGluZ3MiOnsicG9zdF9pZCI6IjI5OSJ9fQ==@\u00bb image=\u00bbhttp:\/\/kukuracook.com\/wp-content\/uploads\/2023\/04\/pumpkin-chocolate-chip-blondies-030-scaled-1-e1680546116813.jpeg\u00bb image_max_width=\u00bb78%\u00bb _builder_version=\u00bb4.4.2&#8243; _dynamic_attributes=\u00bburl\u00bb header_level=\u00bbh3&#8243; header_font=\u00bbAbhaya Libre||||||||\u00bb header_font_size=\u00bb20px\u00bb body_font=\u00bbMontserrat|500|||||||\u00bb body_text_color=\u00bb#6b6b6b\u00bb body_line_height=\u00bb1.4em\u00bb text_orientation=\u00bbcenter\u00bb animation_style=\u00bbfade\u00bb]<\/p>\n<p><strong>Ingredientes:<\/strong> Chocolate negro del 72%, Mantequilla, Huevos, Calabaza Asada, Az\u00facar Moreno de Ca\u00f1a,\u00a0Pumpkin Spice, Harina de Avena, Nueces (si se escogen*), Vainilla, Sal<\/p>\n<p><strong>Al\u00e9rgenos<\/strong>: Bajo contenido en lactosa, Huevos, Frutos de c\u00e1scara*<\/p>\n<p>[\/et_pb_blurb][\/et_pb_column][et_pb_column type=\u00bb1_3&#8243; _builder_version=\u00bb3.25&#8243; custom_padding=\u00bb|||\u00bb custom_padding__hover=\u00bb|||\u00bb][\/et_pb_column][\/et_pb_row][\/et_pb_section]<\/p>\n","protected":false},"excerpt":{"rendered":"<p>Ingredientes Cookies cl\u00e1sicasIngredientes: Mantequilla, Harina de avena integral, Harina de Trigo Integral, Chips de chocolate negro del 72%, Huevo, Az\u00facar Moreno de Ca\u00f1a Integral, Vainilla, Bicarbonato. Al\u00e9rgenos: Gluten, Bajo contenido en lactosa, HuevoIngredientes: Mantequilla, Harina de avena integral, Harina de Trigo Integral, Huevo, Az\u00facar Moreno de Ca\u00f1a Integral, Nueces, Pumpkin Spice, Vainilla, Bicarbonato. Al\u00e9rgenos: Gluten, [&hellip;]<\/p>\n","protected":false},"author":1,"featured_media":0,"parent":0,"menu_order":0,"comment_status":"closed","ping_status":"closed","template":"","meta":{"_et_pb_use_builder":"on","_et_pb_old_content":"","_et_gb_content_width":"","om_disable_all_campaigns":false,"_monsterinsights_skip_tracking":false,"_monsterinsights_sitenote_active":false,"_monsterinsights_sitenote_note":"","_monsterinsights_sitenote_category":0,"_joinchat":[],"footnotes":""},"class_list":["post-401","page","type-page","status-publish","hentry"],"aioseo_notices":[],"_links":{"self":[{"href":"https:\/\/kukuracook.com\/index.php\/wp-json\/wp\/v2\/pages\/401","targetHints":{"allow":["GET"]}}],"collection":[{"href":"https:\/\/kukuracook.com\/index.php\/wp-json\/wp\/v2\/pages"}],"about":[{"href":"https:\/\/kukuracook.com\/index.php\/wp-json\/wp\/v2\/types\/page"}],"author":[{"embeddable":true,"href":"https:\/\/kukuracook.com\/index.php\/wp-json\/wp\/v2\/users\/1"}],"replies":[{"embeddable":true,"href":"https:\/\/kukuracook.com\/index.php\/wp-json\/wp\/v2\/comments?post=401"}],"version-history":[{"count":15,"href":"https:\/\/kukuracook.com\/index.php\/wp-json\/wp\/v2\/pages\/401\/revisions"}],"predecessor-version":[{"id":1242,"href":"https:\/\/kukuracook.com\/index.php\/wp-json\/wp\/v2\/pages\/401\/revisions\/1242"}],"wp:attachment":[{"href":"https:\/\/kukuracook.com\/index.php\/wp-json\/wp\/v2\/media?parent=401"}],"curies":[{"name":"wp","href":"https:\/\/api.w.org\/{rel}","templated":true}]}}