{"id":219,"date":"2023-02-10T11:21:14","date_gmt":"2023-02-10T11:21:14","guid":{"rendered":"http:\/\/kukuracook.com\/?page_id=219"},"modified":"2025-07-01T16:08:15","modified_gmt":"2025-07-01T16:08:15","slug":"endulzantes","status":"publish","type":"page","link":"https:\/\/kukuracook.com\/index.php\/endulzantes\/","title":{"rendered":"Endulzantes"},"content":{"rendered":"<p>[et_pb_section fb_built=\u00bb1&#8243; fullwidth=\u00bbon\u00bb next_background_color=\u00bb#d4dddd\u00bb admin_label=\u00bbHeader Section\u00bb _builder_version=\u00bb4.16&#8243; background_color=\u00bb#dadde2&#8243; bottom_divider_style=\u00bbwave2&#8243; bottom_divider_height=\u00bb106px\u00bb bottom_divider_flip=\u00bbvertical|horizontal\u00bb hover_enabled=\u00bb0&#8243; global_colors_info=\u00bb{}\u00bb bottom_divider_repeat=\u00bb1x\u00bb sticky_enabled=\u00bb0&#8243;][et_pb_fullwidth_header title=\u00bbendulzantes\u00bb text_orientation=\u00bbcenter\u00bb _builder_version=\u00bb4.27.4&#8243; title_font=\u00bbAngkor|500||on|||||\u00bb title_text_color=\u00bb#ffffff\u00bb title_font_size=\u00bb6vw\u00bb title_letter_spacing=\u00bb2px\u00bb title_line_height=\u00bb1.4em\u00bb content_font=\u00bb||||||||\u00bb subhead_font=\u00bbOswald|||on|||||\u00bb subhead_text_color=\u00bbrgba(12,12,12,0.2)\u00bb subhead_font_size=\u00bb24px\u00bb subhead_letter_spacing=\u00bb15px\u00bb subhead_line_height=\u00bb1.4em\u00bb background_color=\u00bb#B393C4&#8243; background_enable_image=\u00bboff\u00bb background_position=\u00bbbottom_center\u00bb custom_padding=\u00bb6.7%||6.6%|||\u00bb animation_style=\u00bbzoom\u00bb animation_direction=\u00bbbottom\u00bb animation_intensity_zoom=\u00bb8%\u00bb hover_enabled=\u00bb0&#8243; title_text_shadow_style=\u00bbpreset1&#8243; title_text_shadow_color=\u00bb#87599F\u00bb global_colors_info=\u00bb{}\u00bb button_one_text_size__hover_enabled=\u00bboff\u00bb button_two_text_size__hover_enabled=\u00bboff\u00bb button_one_text_color__hover_enabled=\u00bboff\u00bb button_two_text_color__hover_enabled=\u00bboff\u00bb button_one_border_width__hover_enabled=\u00bboff\u00bb button_two_border_width__hover_enabled=\u00bboff\u00bb button_one_border_color__hover_enabled=\u00bboff\u00bb button_two_border_color__hover_enabled=\u00bboff\u00bb button_one_border_radius__hover_enabled=\u00bboff\u00bb button_two_border_radius__hover_enabled=\u00bboff\u00bb button_one_letter_spacing__hover_enabled=\u00bboff\u00bb button_two_letter_spacing__hover_enabled=\u00bboff\u00bb button_one_bg_color__hover_enabled=\u00bboff\u00bb button_two_bg_color__hover_enabled=\u00bboff\u00bb sticky_enabled=\u00bb0&#8243;][\/et_pb_fullwidth_header][\/et_pb_section][et_pb_section fb_built=\u00bb1&#8243; custom_padding_last_edited=\u00bbon|tablet\u00bb next_background_color=\u00bb#ffffff\u00bb admin_label=\u00bbHeader\u00bb _builder_version=\u00bb4.27.4&#8243; background_color=\u00bb#d4dddd\u00bb background_enable_image=\u00bboff\u00bb background_size=\u00bbinitial\u00bb background_position=\u00bbtop_center\u00bb custom_padding=\u00bb||0vw|||\u00bb custom_padding_tablet=\u00bb||0vw|\u00bb custom_padding_phone=\u00bb\u00bb bottom_divider_style=\u00bbwave\u00bb bottom_divider_height=\u00bb80%\u00bb bottom_divider_repeat=\u00bb0.6x\u00bb bottom_divider_flip=\u00bbvertical|horizontal\u00bb hover_enabled=\u00bb0&#8243; global_colors_info=\u00bb{}\u00bb sticky_enabled=\u00bb0&#8243;][et_pb_row column_structure=\u00bb3_5,2_5&#8243; _builder_version=\u00bb4.16&#8243; custom_margin=\u00bb100px||\u00bb custom_margin_tablet=\u00bb||\u00bb custom_margin_phone=\u00bb0px|||\u00bb custom_margin_last_edited=\u00bbon|tablet\u00bb custom_padding=\u00bb14px|||||\u00bb global_colors_info=\u00bb{}\u00bb][et_pb_column type=\u00bb3_5&#8243; _builder_version=\u00bb4.16&#8243; custom_padding=\u00bb|||\u00bb global_colors_info=\u00bb{}\u00bb custom_padding__hover=\u00bb|||\u00bb][et_pb_text _builder_version=\u00bb4.16&#8243; header_font=\u00bbCormorant Garamond|700|||||||\u00bb header_text_color=\u00bb#002855&#8243; header_font_size=\u00bb70px\u00bb header_letter_spacing=\u00bb1px\u00bb header_line_height=\u00bb1.2em\u00bb header_font_size_tablet=\u00bb40px\u00bb header_font_size_phone=\u00bb34px\u00bb header_font_size_last_edited=\u00bbon|desktop\u00bb header_letter_spacing_tablet=\u00bb0px\u00bb header_letter_spacing_phone=\u00bb0px\u00bb header_letter_spacing_last_edited=\u00bbon|tablet\u00bb global_colors_info=\u00bb{}\u00bb]<\/p>\n<h1><span style=\"color: #442854;\">Personaliza tus endulzantes<\/span><\/h1>\n<p>[\/et_pb_text][et_pb_text _builder_version=\u00bb4.16&#8243; text_font=\u00bbOpen Sans||||||||\u00bb text_font_size=\u00bb17px\u00bb text_letter_spacing=\u00bb0.5px\u00bb text_line_height=\u00bb2em\u00bb transform_scale_tablet=\u00bb\u00bb transform_scale_phone=\u00bb\u00bb transform_scale_last_edited=\u00bbon|desktop\u00bb transform_translate_tablet=\u00bb\u00bb transform_translate_phone=\u00bb\u00bb transform_translate_last_edited=\u00bbon|desktop\u00bb transform_rotate_tablet=\u00bb\u00bb transform_rotate_phone=\u00bb\u00bb transform_rotate_last_edited=\u00bbon|desktop\u00bb transform_skew_tablet=\u00bb\u00bb transform_skew_phone=\u00bb\u00bb transform_skew_last_edited=\u00bbon|desktop\u00bb transform_origin_tablet=\u00bb\u00bb transform_origin_phone=\u00bb\u00bb transform_origin_last_edited=\u00bbon|desktop\u00bb transform_styles_last_edited=\u00bbon|desktop\u00bb text_font_size_tablet=\u00bb16px\u00bb text_font_size_phone=\u00bb14px\u00bb text_font_size_last_edited=\u00bbon|phone\u00bb text_letter_spacing_tablet=\u00bb\u00bb text_letter_spacing_phone=\u00bb0px\u00bb text_letter_spacing_last_edited=\u00bbon|tablet\u00bb transform_styles_tablet=\u00bb\u00bb transform_styles_phone=\u00bb\u00bb global_colors_info=\u00bb{}\u00bb]<\/p>\n<p><span>Lo que buscamos es simple, crear postres ricos en su mejor versi\u00f3n posbile, es decir, recetas en las que adaptamos los ingredientes y cantidades sin llegar a sacrificar su sabor o textura. \u00bfSi siguen siendo postres? \u00a1Pues claro! Pero desde el primer mordisco vas a notar que no se parecen en nada a sus versiones mega azucaradas, con ingredientes refinados y una larga lista de consevartes.\u00a0<\/span><span>Puesto que la <\/span><span>pasteler\u00eda<\/span><span> es un mundo, adaptamos cada receta seg\u00fan sus posibilidades, \u00a1<\/span><span>aqu\u00ed puedes ver las tres opciones para endulzar!<\/span><\/p>\n<p>[\/et_pb_text][\/et_pb_column][et_pb_column type=\u00bb2_5&#8243; _builder_version=\u00bb4.16&#8243; custom_padding=\u00bb|||\u00bb global_colors_info=\u00bb{}\u00bb custom_padding__hover=\u00bb|||\u00bb][et_pb_image src=\u00bbhttp:\/\/kukuracook.com\/wp-content\/uploads\/2023\/02\/donut.png\u00bb align=\u00bbright\u00bb _builder_version=\u00bb4.16&#8243; transform_scale=\u00bb120%|120%\u00bb transform_scale_tablet=\u00bb100%|100%\u00bb transform_scale_phone=\u00bb\u00bb transform_scale_last_edited=\u00bbon|tablet\u00bb transform_translate_tablet=\u00bb\u00bb transform_translate_phone=\u00bb\u00bb transform_translate_last_edited=\u00bbon|desktop\u00bb transform_rotate_tablet=\u00bb\u00bb transform_rotate_phone=\u00bb\u00bb transform_rotate_last_edited=\u00bbon|desktop\u00bb transform_skew_tablet=\u00bb\u00bb transform_skew_phone=\u00bb\u00bb transform_skew_last_edited=\u00bbon|desktop\u00bb transform_origin_tablet=\u00bb\u00bb transform_origin_phone=\u00bb\u00bb transform_origin_last_edited=\u00bbon|desktop\u00bb transform_styles_last_edited=\u00bbon|tablet\u00bb width=\u00bb85%\u00bb width_tablet=\u00bb60%\u00bb width_phone=\u00bb69%\u00bb width_last_edited=\u00bbon|phone\u00bb custom_margin=\u00bb|||\u00bb custom_margin_tablet=\u00bb\u00bb custom_margin_phone=\u00bb\u00bb custom_margin_last_edited=\u00bbon|phone\u00bb custom_padding=\u00bb11px||||false|false\u00bb transform_styles_tablet=\u00bb\u00bb transform_styles_phone=\u00bb\u00bb always_center_on_mobile=\u00bboff\u00bb global_colors_info=\u00bb{}\u00bb][\/et_pb_image][\/et_pb_column][\/et_pb_row][\/et_pb_section][et_pb_section fb_built=\u00bb1&#8243; next_background_color=\u00bb#fcfaf7&#8243; admin_label=\u00bbProducts\u00bb _builder_version=\u00bb4.16&#8243; background_color=\u00bb#ffffff\u00bb background_image=\u00bbhttp:\/\/kukuracook.com\/wp-content\/uploads\/2023\/02\/farm-18.png\u00bb background_size=\u00bbinitial\u00bb background_position=\u00bbtop_center\u00bb custom_margin_tablet=\u00bb\u00bb custom_margin_phone=\u00bb\u00bb custom_margin_last_edited=\u00bbon|phone\u00bb custom_padding=\u00bb9px||||false|false\u00bb bottom_divider_style=\u00bbwave\u00bb bottom_divider_height=\u00bb70%\u00bb bottom_divider_repeat=\u00bb0.7x\u00bb global_colors_info=\u00bb{}\u00bb][et_pb_row _builder_version=\u00bb4.16&#8243; global_colors_info=\u00bb{}\u00bb][et_pb_column type=\u00bb4_4&#8243; _builder_version=\u00bb4.16&#8243; custom_padding=\u00bb|||\u00bb global_colors_info=\u00bb{}\u00bb custom_padding__hover=\u00bb|||\u00bb][et_pb_text _builder_version=\u00bb4.16&#8243; text_font=\u00bb||||||||\u00bb header_font=\u00bb||||||||\u00bb header_2_font=\u00bbCormorant Garamond|700|||||||\u00bb header_2_text_color=\u00bb#002855&#8243; header_2_font_size=\u00bb50px\u00bb header_2_line_height=\u00bb1.2em\u00bb text_orientation=\u00bbcenter\u00bb max_width=\u00bb600px\u00bb module_alignment=\u00bbcenter\u00bb header_2_font_size_tablet=\u00bb36px\u00bb header_2_font_size_phone=\u00bb28px\u00bb header_2_font_size_last_edited=\u00bbon|phone\u00bb header_2_letter_spacing_tablet=\u00bb0px\u00bb header_2_letter_spacing_phone=\u00bb0px\u00bb header_2_letter_spacing_last_edited=\u00bboff|tablet\u00bb locked=\u00bboff\u00bb global_colors_info=\u00bb{}\u00bb]<\/p>\n<h2><span color=\"#442854\" style=\"color: #442854;\"><span style=\"caret-color: #442854;\">Las tres opciones<\/span><\/span><\/h2>\n<p>[\/et_pb_text][et_pb_text _builder_version=\u00bb4.16&#8243; text_font_size=\u00bb15px\u00bb text_orientation=\u00bbcenter\u00bb global_colors_info=\u00bb{}\u00bb]<\/p>\n<p><span color=\"#442854\"><span>Hay 3 maneras diferentes de endulzar los postres \ud83d\ude42 \u00a1Escoge la que m\u00e1s te guste! Ver\u00e1s que cada postre tiene especificado las opciones para endulzar, por lo que si no salen m\u00e1s opciones, es que ese postre solo admite un tipo de endulzante \ud83d\ude42 Yo te recomiendo que si quieres empezar el camino de transici\u00f3n a menos az\u00facar, escojas la reducci\u00f3n de az\u00facar o los edulcorantes para poder llegar a la fruta. \u00bfY eso porque? Pues porque tu paladar estar\u00e1 modificado, y tienes que vovler a reeducarlo, y eso se hace pasito a pasito.<\/span><\/span><\/p>\n<p>[\/et_pb_text][\/et_pb_column][\/et_pb_row][et_pb_row column_structure=\u00bb1_2,1_2&#8243; _builder_version=\u00bb4.16&#8243; global_colors_info=\u00bb{}\u00bb][et_pb_column type=\u00bb1_2&#8243; _builder_version=\u00bb4.16&#8243; custom_padding=\u00bb|||\u00bb global_colors_info=\u00bb{}\u00bb custom_padding__hover=\u00bb|||\u00bb][et_pb_blurb title=\u00bbFrutas, d\u00e1tiles y verduras\u00bb icon_placement=\u00bbleft\u00bb image_icon_width=\u00bb90px\u00bb content_max_width=\u00bb800px\u00bb image_icon_width_tablet=\u00bb90px\u00bb image_icon_width_phone=\u00bb60px\u00bb image_icon_width_last_edited=\u00bbon|phone\u00bb _builder_version=\u00bb4.16&#8243; header_font=\u00bbCormorant Garamond|700|||||||\u00bb header_font_size=\u00bb26px\u00bb body_font=\u00bb||||||||\u00bb body_font_size=\u00bb15px\u00bb body_line_height=\u00bb2em\u00bb background_color=\u00bb#7261a0&#8243; background_color_gradient_direction=\u00bb-60deg\u00bb transform_scale=\u00bb110%|110%\u00bb background_layout=\u00bbdark\u00bb custom_margin=\u00bb4px||50px||false|false\u00bb custom_padding=\u00bb28px|30px|28px|30px|true|true\u00bb animation=\u00bboff\u00bb header_font_size_tablet=\u00bb\u00bb header_font_size_phone=\u00bb21px\u00bb header_font_size_last_edited=\u00bbon|phone\u00bb body_font_size_tablet=\u00bb\u00bb body_font_size_phone=\u00bb14px\u00bb body_font_size_last_edited=\u00bbon|phone\u00bb body_line_height_tablet=\u00bb\u00bb body_line_height_phone=\u00bb1.8em\u00bb body_line_height_last_edited=\u00bbon|phone\u00bb border_radii=\u00bbon|6px|6px|6px|6px\u00bb box_shadow_style=\u00bbpreset2&#8243; box_shadow_color=\u00bb#d6d6d6&#8243; image_max_width=\u00bb90px\u00bb image_max_width_tablet=\u00bb\u00bb image_max_width_phone=\u00bb60px\u00bb image_max_width_last_edited=\u00bbon|phone\u00bb locked=\u00bboff\u00bb global_colors_info=\u00bb{}\u00bb]<\/p>\n<p>Estos postres est\u00e1n endulzados completamente con frutas, d\u00e1tiles o verduras. Entre los m\u00e1s famosos tenemos al pl\u00e1tano, \u00a0con el que se pueden hacer cakes y muffins deliciosos, pero tambi\u00e9n tenemos la calabaza o el boniato, \u00a1o incluso la zanahoria! \u00bfY est\u00e1n ricos? \u00a1Claro! \u00a1Mucho!<\/p>\n<p><span style=\"font-size: 15px;\">Eso s\u00ed, si estas acostumbrado a comer mucho az\u00facar, te recomiendo que primero pruebes las siguientes dos opciones hasta que poco a poco te vayas acostumbrando otra vez al dulzor natural de la fruta.<\/span><\/p>\n<p>[\/et_pb_blurb][\/et_pb_column][et_pb_column type=\u00bb1_2&#8243; _builder_version=\u00bb4.16&#8243; custom_padding=\u00bb|||\u00bb global_colors_info=\u00bb{}\u00bb custom_padding__hover=\u00bb|||\u00bb][et_pb_image src=\u00bbhttp:\/\/kukuracook.com\/wp-content\/uploads\/2023\/02\/datiles-2-scaled-e1676392809893.jpg\u00bb _builder_version=\u00bb4.16&#8243; custom_margin=\u00bb-15px||44px||false|false\u00bb global_colors_info=\u00bb{}\u00bb][\/et_pb_image][\/et_pb_column][\/et_pb_row][et_pb_row column_structure=\u00bb1_2,1_2&#8243; _builder_version=\u00bb4.16&#8243; global_colors_info=\u00bb{}\u00bb][et_pb_column type=\u00bb1_2&#8243; _builder_version=\u00bb4.16&#8243; custom_padding=\u00bb|||\u00bb global_colors_info=\u00bb{}\u00bb custom_padding__hover=\u00bb|||\u00bb][et_pb_blurb title=\u00bbEdulcorantes\u00bb icon_placement=\u00bbleft\u00bb image_icon_width=\u00bb90px\u00bb content_max_width=\u00bb800px\u00bb image_icon_width_tablet=\u00bb90px\u00bb image_icon_width_phone=\u00bb60px\u00bb image_icon_width_last_edited=\u00bbon|phone\u00bb _builder_version=\u00bb4.27.4&#8243; header_font=\u00bbCormorant Garamond|700|||||||\u00bb header_font_size=\u00bb26px\u00bb body_font=\u00bb||||||||\u00bb body_font_size=\u00bb15px\u00bb body_line_height=\u00bb2em\u00bb background_color=\u00bb#71bcb8&#8243; background_color_gradient_direction=\u00bb-60deg\u00bb transform_scale=\u00bb110%|110%\u00bb background_layout=\u00bbdark\u00bb custom_margin=\u00bb4px||50px||false|false\u00bb custom_padding=\u00bb28px|30px|28px|30px|true|true\u00bb animation=\u00bboff\u00bb header_font_size_tablet=\u00bb\u00bb header_font_size_phone=\u00bb21px\u00bb header_font_size_last_edited=\u00bbon|phone\u00bb body_font_size_tablet=\u00bb\u00bb body_font_size_phone=\u00bb14px\u00bb body_font_size_last_edited=\u00bbon|phone\u00bb body_line_height_tablet=\u00bb\u00bb body_line_height_phone=\u00bb1.8em\u00bb body_line_height_last_edited=\u00bbon|phone\u00bb border_radii=\u00bbon|6px|6px|6px|6px\u00bb box_shadow_style=\u00bbpreset2&#8243; box_shadow_color=\u00bb#d6d6d6&#8243; image_max_width=\u00bb90px\u00bb image_max_width_tablet=\u00bb\u00bb image_max_width_phone=\u00bb60px\u00bb image_max_width_last_edited=\u00bbon|phone\u00bb locked=\u00bboff\u00bb global_colors_info=\u00bb{}\u00bb]<\/p>\n<p>Para nuestros postres utilizamos una combinaci\u00f3n de eritrithol al 97% (el mejor edulcorante de todos, sin efectos adversos) y un 3% de sucralosa por su poder endulzante. Nada de edulcorantes pesimos como el maltitol, que viene en la mayoria de postres \u00absin az\u00facar\u00bb.<\/p>\n<p>Los edulcorantes pueden ir acompa\u00f1ados de frutas o verduras o ser los \u00fanicos endulzantes del postre, incluso puede ser eritrithol al 100%. Por ejemplo, para los diabeticos, la combinaci\u00f3n de solo edulcorante + harinas integrales es genial para esas ocasiones especiales en las que quieren disfrutar sin un pico tremendo de az\u00facar.<\/p>\n<p>[\/et_pb_blurb][\/et_pb_column][et_pb_column type=\u00bb1_2&#8243; _builder_version=\u00bb4.16&#8243; custom_padding=\u00bb|||\u00bb global_colors_info=\u00bb{}\u00bb custom_padding__hover=\u00bb|||\u00bb][et_pb_image src=\u00bbhttp:\/\/kukuracook.com\/wp-content\/uploads\/2023\/02\/pexels-artem-podrez-6823736-scaled-e1676323062273.jpg\u00bb _builder_version=\u00bb4.16&#8243; custom_margin=\u00bb-17px||44px||false|false\u00bb custom_padding=\u00bb||0px|||\u00bb global_colors_info=\u00bb{}\u00bb][\/et_pb_image][\/et_pb_column][\/et_pb_row][et_pb_row column_structure=\u00bb1_2,1_2&#8243; _builder_version=\u00bb4.16&#8243; global_colors_info=\u00bb{}\u00bb][et_pb_column type=\u00bb1_2&#8243; _builder_version=\u00bb4.16&#8243; custom_padding=\u00bb|||\u00bb global_colors_info=\u00bb{}\u00bb custom_padding__hover=\u00bb|||\u00bb][et_pb_blurb title=\u00bbReducci\u00f3n de az\u00facar\u00bb icon_placement=\u00bbleft\u00bb image_icon_width=\u00bb90px\u00bb content_max_width=\u00bb800px\u00bb image_icon_width_tablet=\u00bb90px\u00bb image_icon_width_phone=\u00bb60px\u00bb image_icon_width_last_edited=\u00bbon|phone\u00bb _builder_version=\u00bb4.27.4&#8243; header_font=\u00bbCormorant Garamond|700|||||||\u00bb header_font_size=\u00bb26px\u00bb body_font=\u00bb||||||||\u00bb body_font_size=\u00bb15px\u00bb body_line_height=\u00bb2em\u00bb background_color=\u00bb#b393c4&#8243; background_color_gradient_direction=\u00bb-60deg\u00bb transform_scale=\u00bb110%|110%\u00bb background_layout=\u00bbdark\u00bb custom_margin=\u00bb4px||50px||false|false\u00bb custom_padding=\u00bb28px|30px|28px|30px|true|true\u00bb animation=\u00bboff\u00bb header_font_size_tablet=\u00bb\u00bb header_font_size_phone=\u00bb21px\u00bb header_font_size_last_edited=\u00bbon|phone\u00bb body_font_size_tablet=\u00bb\u00bb body_font_size_phone=\u00bb14px\u00bb body_font_size_last_edited=\u00bbon|phone\u00bb body_line_height_tablet=\u00bb\u00bb body_line_height_phone=\u00bb1.8em\u00bb body_line_height_last_edited=\u00bbon|phone\u00bb border_radii=\u00bbon|6px|6px|6px|6px\u00bb box_shadow_style=\u00bbpreset2&#8243; box_shadow_color=\u00bb#d6d6d6&#8243; image_max_width=\u00bb90px\u00bb image_max_width_tablet=\u00bb\u00bb image_max_width_phone=\u00bb60px\u00bb image_max_width_last_edited=\u00bbon|phone\u00bb locked=\u00bboff\u00bb global_colors_info=\u00bb{}\u00bb]<\/p>\n<p>Esta es la mejor opci\u00f3n para los que buscan iniciar el camino hacia la pasteleria m\u00e1s saludable \ud83d\ude42<\/p>\n<p>Hay recetas en las que el az\u00facar es la mejor opci\u00f3n por la textura o resultado que crea, pero en vez de utilizar una cantidad excesivamente tremenda, la ajustamos al m\u00e1ximo, y usando \u00fanicamente az\u00facar integral de ca\u00f1a. Por ejemplo en las cookies americanas, utilizamos casi 4 veces menos az\u00facar que en la receta original, y te aseguro que cuando las llevo a eventos, vuelan.<\/p>\n<p>[\/et_pb_blurb][\/et_pb_column][et_pb_column type=\u00bb1_2&#8243; _builder_version=\u00bb4.16&#8243; custom_padding=\u00bb|||\u00bb global_colors_info=\u00bb{}\u00bb custom_padding__hover=\u00bb|||\u00bb][et_pb_image src=\u00bbhttp:\/\/kukuracook.com\/wp-content\/uploads\/2025\/07\/WhatsApp-Image-2024-11-14-at-19.35.53-e1751385064180.jpeg\u00bb title_text=\u00bbWhatsApp Image 2024-11-14 at 19.35.53&#8243; _builder_version=\u00bb4.27.4&#8243; transform_scale=\u00bb94%|94%\u00bb transform_translate=\u00bb0px|-21px\u00bb transform_translate_linked=\u00bboff\u00bb custom_margin=\u00bb-10px||44px||false|false\u00bb custom_padding=\u00bb||0px|||\u00bb global_colors_info=\u00bb{}\u00bb][\/et_pb_image][\/et_pb_column][\/et_pb_row][\/et_pb_section][et_pb_section fb_built=\u00bb1&#8243; admin_label=\u00bbPricing\u00bb _builder_version=\u00bb4.16&#8243; background_color=\u00bb#fcfaf7&#8243; background_size=\u00bbinitial\u00bb custom_padding=\u00bb10vw|||||\u00bb top_divider_style=\u00bbnone\u00bb top_divider_color=\u00bb#ffffff\u00bb top_divider_height=\u00bb50%\u00bb top_divider_repeat=\u00bb0.4x\u00bb bottom_divider_style=\u00bbwave\u00bb bottom_divider_color=\u00bb#ffffff\u00bb bottom_divider_height=\u00bb80%\u00bb bottom_divider_repeat=\u00bb0.6x\u00bb bottom_divider_flip=\u00bbvertical|horizontal\u00bb locked=\u00bboff\u00bb global_colors_info=\u00bb{}\u00bb][\/et_pb_section]<\/p>\n","protected":false},"excerpt":{"rendered":"<p>Personaliza tus endulzantesLo que buscamos es simple, crear postres ricos en su mejor versi\u00f3n posbile, es decir, recetas en las que adaptamos los ingredientes y cantidades sin llegar a sacrificar su sabor o textura. \u00bfSi siguen siendo postres? \u00a1Pues claro! Pero desde el primer mordisco vas a notar que no se parecen en nada a [&hellip;]<\/p>\n","protected":false},"author":1,"featured_media":0,"parent":0,"menu_order":0,"comment_status":"closed","ping_status":"closed","template":"","meta":{"_et_pb_use_builder":"on","_et_pb_old_content":"","_et_gb_content_width":"","om_disable_all_campaigns":false,"_monsterinsights_skip_tracking":false,"_monsterinsights_sitenote_active":false,"_monsterinsights_sitenote_note":"","_monsterinsights_sitenote_category":0,"_joinchat":[],"footnotes":""},"class_list":["post-219","page","type-page","status-publish","hentry"],"aioseo_notices":[],"_links":{"self":[{"href":"https:\/\/kukuracook.com\/index.php\/wp-json\/wp\/v2\/pages\/219","targetHints":{"allow":["GET"]}}],"collection":[{"href":"https:\/\/kukuracook.com\/index.php\/wp-json\/wp\/v2\/pages"}],"about":[{"href":"https:\/\/kukuracook.com\/index.php\/wp-json\/wp\/v2\/types\/page"}],"author":[{"embeddable":true,"href":"https:\/\/kukuracook.com\/index.php\/wp-json\/wp\/v2\/users\/1"}],"replies":[{"embeddable":true,"href":"https:\/\/kukuracook.com\/index.php\/wp-json\/wp\/v2\/comments?post=219"}],"version-history":[{"count":20,"href":"https:\/\/kukuracook.com\/index.php\/wp-json\/wp\/v2\/pages\/219\/revisions"}],"predecessor-version":[{"id":1491,"href":"https:\/\/kukuracook.com\/index.php\/wp-json\/wp\/v2\/pages\/219\/revisions\/1491"}],"wp:attachment":[{"href":"https:\/\/kukuracook.com\/index.php\/wp-json\/wp\/v2\/media?parent=219"}],"curies":[{"name":"wp","href":"https:\/\/api.w.org\/{rel}","templated":true}]}}